{"id":24631,"date":"2022-03-22T20:55:07","date_gmt":"2022-03-22T19:55:07","guid":{"rendered":"https:\/\/newsocialinitiative.org\/opeds\/"},"modified":"2022-06-06T10:28:28","modified_gmt":"2022-06-06T08:28:28","slug":"opeds","status":"publish","type":"page","link":"https:\/\/newsocialinitiative.org\/sr\/opeds\/","title":{"rendered":"Opeds"},"content":{"rendered":"\t\t<div data-elementor-type=\"wp-page\" data-elementor-id=\"24631\" class=\"elementor elementor-24631 elementor-20450\">\n\t\t\t\t\t\t\t\t\t<section class=\"elementor-section elementor-top-section elementor-element elementor-element-4ee6c6f elementor-section-full_width elementor-section-height-default elementor-section-height-default exad-glass-effect-no exad-sticky-section-no edgtf-elementor-container-no edgtf-section edgtf-parallax-section-holder-touch-disabled edgtf-parallax-section-no\" data-id=\"4ee6c6f\" data-element_type=\"section\">\n\t\t\t\t\t\t<div class=\"elementor-container elementor-column-gap-default\">\n\t\t\t\t\t<div class=\"elementor-column elementor-col-100 elementor-top-column elementor-element elementor-element-227387c exad-glass-effect-no exad-sticky-section-no\" data-id=\"227387c\" data-element_type=\"column\">\n\t\t\t<div class=\"elementor-widget-wrap elementor-element-populated\">\n\t\t\t\t\t\t\t\t<div class=\"elementor-element elementor-element-2979265 premium-blog-align-left exad-sticky-section-no exad-glass-effect-no elementor-widget elementor-widget-premium-addon-blog\" data-id=\"2979265\" data-element_type=\"widget\" data-settings=\"{&quot;premium_blog_columns_number&quot;:&quot;25%&quot;,&quot;force_height&quot;:&quot;true&quot;,&quot;premium_blog_grid&quot;:&quot;yes&quot;,&quot;premium_blog_layout&quot;:&quot;even&quot;,&quot;premium_blog_columns_number_tablet&quot;:&quot;50%&quot;,&quot;premium_blog_columns_number_mobile&quot;:&quot;100%&quot;}\" data-widget_type=\"premium-addon-blog.default\">\n\t\t\t\t<div class=\"elementor-widget-container\">\n\t\t\t\r\n\t\t\t\t<div class=\"premium-blog-wrap  premium-blog-even\" data-page=\"24631\">\r\n\t\t\t\t\t<div class=\"premium-blog-post-outer-container\" data-total=\"19\">\r\n\t\t\t<div class=\"premium-blog-post-container premium-blog-skin-classic\">\r\n\t\t\t\t\t\t\t\t\t\t\t\t<div class=\"premium-blog-content-wrapper empty-thumb\">\r\n\r\n\t\t\t\t\t<div class=\"premium-blog-inner-container\">\r\n\r\n\t\t\t\t\t\t\t\t\t\t\t\t\t\t<h4 class=\"premium-blog-entry-title\">\r\n\t\t\t<a href=\"https:\/\/newsocialinitiative.org\/sr\/oped\/jezik-koji-cuti-u-ucionici-kriza-obrazovanja-na-turskom-jeziku-na-kosovu\/\" target=\"_self\">\r\n\t\t\t\tJezik koji \u0107uti u u\u010dionici: Kriza obrazovanja na turskom jeziku na Kosovu\t\t\t<\/a>\r\n\t\t<\/h4>\r\n\t\t\t\t<div class=\"premium-blog-entry-meta\">\r\n\t\t\t\r\n\t\t\t\t\t\t\t<span class=\"premium-blog-meta-separator\">\u2022<\/span>\r\n\t\t\t\t<div class=\"premium-blog-post-time premium-blog-meta-data\">\r\n\t\t\t\t\t<i class=\"fa fa-calendar-alt\" aria-hidden=\"true\"><\/i>\r\n\t\t\t\t\t<span>30\/06\/2025<\/span>\r\n\t\t\t\t<\/div>\r\n\t\t\t\r\n\t\t\t\r\n\t\t\t\t\t<\/div>\r\n\t\t\r\n\t\t\t\t\t<\/div>\r\n\r\n\t\t\t\t\t\t\t\t\t\t\r\n\t\t\t\t<\/div>\r\n\t\t\t<\/div>\r\n\t\t<\/div>\r\n\r\n\t\t\t\t<div class=\"premium-blog-post-outer-container\" data-total=\"19\">\r\n\t\t\t<div class=\"premium-blog-post-container premium-blog-skin-classic\">\r\n\t\t\t\t\t\t\t\t\t<div class=\"premium-blog-thumb-effect-wrapper\">\r\n\t\t\t\t\t\t<div class=\"premium-blog-thumbnail-container premium-blog-zoomin-effect\">\r\n\t\t\t\t\t\t\t<img decoding=\"async\" width=\"150\" height=\"150\" src=\"https:\/\/newsocialinitiative.org\/wp-content\/uploads\/2025\/06\/2-150x150.png\" class=\"attachment-thumbnail size-thumbnail wp-image-36499\" alt=\"\" srcset=\"https:\/\/newsocialinitiative.org\/wp-content\/uploads\/2025\/06\/2-150x150.png 150w, https:\/\/newsocialinitiative.org\/wp-content\/uploads\/2025\/06\/2-500x500.png 500w, https:\/\/newsocialinitiative.org\/wp-content\/uploads\/2025\/06\/2-550x550.png 550w, https:\/\/newsocialinitiative.org\/wp-content\/uploads\/2025\/06\/2-1000x1000.png 1000w, https:\/\/newsocialinitiative.org\/wp-content\/uploads\/2025\/06\/2-650x650.png 650w\" sizes=\"(max-width: 150px) 100vw, 150px\" \/>\t\t\t\t\t\t<\/div>\r\n\t\t\t\t\t\t\t\t\t\t\t\t\t<div class=\"premium-blog-thumbnail-overlay\">\r\n\t\t\t\t\t\t\t\t<a class=\"elementor-icon\" href=\"https:\/\/newsocialinitiative.org\/sr\/oped\/od-zaloga-do-ucesnika-bosnjaci-i-normalizacija-odnosa-izmedju-kosova-i-srbije\/\" target=\"_self\" aria-hidden=\"true\"><span>Od zaloga do u\u010desnika: Bo\u0161njaci i normalizacija odnosa izme\u0111u Kosova i Srbije<\/span><\/a>\r\n\t\t\t\t\t\t\t<\/div>\r\n\t\t\t\t\t\t\t\t\t\t\t<\/div>\r\n\t\t\t\t\t\t\t\t\t\t\t\t<div class=\"premium-blog-content-wrapper \">\r\n\r\n\t\t\t\t\t<div class=\"premium-blog-inner-container\">\r\n\r\n\t\t\t\t\t\t\t\t\t\t\t\t\t\t<h4 class=\"premium-blog-entry-title\">\r\n\t\t\t<a href=\"https:\/\/newsocialinitiative.org\/sr\/oped\/od-zaloga-do-ucesnika-bosnjaci-i-normalizacija-odnosa-izmedju-kosova-i-srbije\/\" target=\"_self\">\r\n\t\t\t\tOd zaloga do u\u010desnika: Bo\u0161njaci i normalizacija odnosa izme\u0111u Kosova i Srbije\t\t\t<\/a>\r\n\t\t<\/h4>\r\n\t\t\t\t<div class=\"premium-blog-entry-meta\">\r\n\t\t\t\r\n\t\t\t\t\t\t\t<span class=\"premium-blog-meta-separator\">\u2022<\/span>\r\n\t\t\t\t<div class=\"premium-blog-post-time premium-blog-meta-data\">\r\n\t\t\t\t\t<i class=\"fa fa-calendar-alt\" aria-hidden=\"true\"><\/i>\r\n\t\t\t\t\t<span>26\/06\/2025<\/span>\r\n\t\t\t\t<\/div>\r\n\t\t\t\r\n\t\t\t\r\n\t\t\t\t\t<\/div>\r\n\t\t\r\n\t\t\t\t\t<\/div>\r\n\r\n\t\t\t\t\t\t\t\t\t\t\r\n\t\t\t\t<\/div>\r\n\t\t\t<\/div>\r\n\t\t<\/div>\r\n\r\n\t\t\t\t<div class=\"premium-blog-post-outer-container\" data-total=\"19\">\r\n\t\t\t<div class=\"premium-blog-post-container premium-blog-skin-classic\">\r\n\t\t\t\t\t\t\t\t\t<div class=\"premium-blog-thumb-effect-wrapper\">\r\n\t\t\t\t\t\t<div class=\"premium-blog-thumbnail-container premium-blog-zoomin-effect\">\r\n\t\t\t\t\t\t\t<img decoding=\"async\" width=\"150\" height=\"150\" src=\"https:\/\/newsocialinitiative.org\/wp-content\/uploads\/2025\/05\/IMG_3138-150x150.jpg\" class=\"attachment-thumbnail size-thumbnail wp-image-36503\" alt=\"\" srcset=\"https:\/\/newsocialinitiative.org\/wp-content\/uploads\/2025\/05\/IMG_3138-150x150.jpg 150w, https:\/\/newsocialinitiative.org\/wp-content\/uploads\/2025\/05\/IMG_3138-500x500.jpg 500w, https:\/\/newsocialinitiative.org\/wp-content\/uploads\/2025\/05\/IMG_3138-550x550.jpg 550w, https:\/\/newsocialinitiative.org\/wp-content\/uploads\/2025\/05\/IMG_3138-1000x1000.jpg 1000w, https:\/\/newsocialinitiative.org\/wp-content\/uploads\/2025\/05\/IMG_3138-650x650.jpg 650w\" sizes=\"(max-width: 150px) 100vw, 150px\" \/>\t\t\t\t\t\t<\/div>\r\n\t\t\t\t\t\t\t\t\t\t\t\t\t<div class=\"premium-blog-thumbnail-overlay\">\r\n\t\t\t\t\t\t\t\t<a class=\"elementor-icon\" href=\"https:\/\/newsocialinitiative.org\/sr\/oped\/fizicki-vidljiva-pravno-nevidljiva\/\" target=\"_self\" aria-hidden=\"true\"><span>Fizi\u010dki vidljiva, pravno nevidljiva<\/span><\/a>\r\n\t\t\t\t\t\t\t<\/div>\r\n\t\t\t\t\t\t\t\t\t\t\t<\/div>\r\n\t\t\t\t\t\t\t\t\t\t\t\t<div class=\"premium-blog-content-wrapper \">\r\n\r\n\t\t\t\t\t<div class=\"premium-blog-inner-container\">\r\n\r\n\t\t\t\t\t\t\t\t\t\t\t\t\t\t<h4 class=\"premium-blog-entry-title\">\r\n\t\t\t<a href=\"https:\/\/newsocialinitiative.org\/sr\/oped\/fizicki-vidljiva-pravno-nevidljiva\/\" target=\"_self\">\r\n\t\t\t\tFizi\u010dki vidljiva, pravno nevidljiva\t\t\t<\/a>\r\n\t\t<\/h4>\r\n\t\t\t\t<div class=\"premium-blog-entry-meta\">\r\n\t\t\t\r\n\t\t\t\t\t\t\t<span class=\"premium-blog-meta-separator\">\u2022<\/span>\r\n\t\t\t\t<div class=\"premium-blog-post-time premium-blog-meta-data\">\r\n\t\t\t\t\t<i class=\"fa fa-calendar-alt\" aria-hidden=\"true\"><\/i>\r\n\t\t\t\t\t<span>22\/05\/2025<\/span>\r\n\t\t\t\t<\/div>\r\n\t\t\t\r\n\t\t\t\r\n\t\t\t\t\t<\/div>\r\n\t\t\r\n\t\t\t\t\t<\/div>\r\n\r\n\t\t\t\t\t\t\t\t\t\t\r\n\t\t\t\t<\/div>\r\n\t\t\t<\/div>\r\n\t\t<\/div>\r\n\r\n\t\t\t\t<div class=\"premium-blog-post-outer-container\" data-total=\"19\">\r\n\t\t\t<div class=\"premium-blog-post-container premium-blog-skin-classic\">\r\n\t\t\t\t\t\t\t\t\t<div class=\"premium-blog-thumb-effect-wrapper\">\r\n\t\t\t\t\t\t<div class=\"premium-blog-thumbnail-container premium-blog-zoomin-effect\">\r\n\t\t\t\t\t\t\t<img decoding=\"async\" width=\"150\" height=\"150\" src=\"https:\/\/newsocialinitiative.org\/wp-content\/uploads\/2025\/04\/Screenshot-2025-05-05-at-10.23.04-150x150.png\" class=\"attachment-thumbnail size-thumbnail wp-image-36167\" alt=\"\" srcset=\"https:\/\/newsocialinitiative.org\/wp-content\/uploads\/2025\/04\/Screenshot-2025-05-05-at-10.23.04-150x150.png 150w, https:\/\/newsocialinitiative.org\/wp-content\/uploads\/2025\/04\/Screenshot-2025-05-05-at-10.23.04-298x300.png 298w, https:\/\/newsocialinitiative.org\/wp-content\/uploads\/2025\/04\/Screenshot-2025-05-05-at-10.23.04-1016x1024.png 1016w, https:\/\/newsocialinitiative.org\/wp-content\/uploads\/2025\/04\/Screenshot-2025-05-05-at-10.23.04-768x774.png 768w, https:\/\/newsocialinitiative.org\/wp-content\/uploads\/2025\/04\/Screenshot-2025-05-05-at-10.23.04-500x500.png 500w, https:\/\/newsocialinitiative.org\/wp-content\/uploads\/2025\/04\/Screenshot-2025-05-05-at-10.23.04-550x550.png 550w, https:\/\/newsocialinitiative.org\/wp-content\/uploads\/2025\/04\/Screenshot-2025-05-05-at-10.23.04-1000x1000.png 1000w, https:\/\/newsocialinitiative.org\/wp-content\/uploads\/2025\/04\/Screenshot-2025-05-05-at-10.23.04-650x650.png 650w, https:\/\/newsocialinitiative.org\/wp-content\/uploads\/2025\/04\/Screenshot-2025-05-05-at-10.23.04.png 1050w\" sizes=\"(max-width: 150px) 100vw, 150px\" \/>\t\t\t\t\t\t<\/div>\r\n\t\t\t\t\t\t\t\t\t\t\t\t\t<div class=\"premium-blog-thumbnail-overlay\">\r\n\t\t\t\t\t\t\t\t<a class=\"elementor-icon\" href=\"https:\/\/newsocialinitiative.org\/sr\/oped\/normalizacija-kosova-i-srbije-u-svetlu-rae-radnika-bolnice-isa-grezda\/\" target=\"_self\" aria-hidden=\"true\"><span>Normalizacija Kosova i Srbije u svetlu RAE radnika bolnice &#8220;Isa Grezda&#8221;<\/span><\/a>\r\n\t\t\t\t\t\t\t<\/div>\r\n\t\t\t\t\t\t\t\t\t\t\t<\/div>\r\n\t\t\t\t\t\t\t\t\t\t\t\t<div class=\"premium-blog-content-wrapper \">\r\n\r\n\t\t\t\t\t<div class=\"premium-blog-inner-container\">\r\n\r\n\t\t\t\t\t\t\t\t\t\t\t\t\t\t<h4 class=\"premium-blog-entry-title\">\r\n\t\t\t<a href=\"https:\/\/newsocialinitiative.org\/sr\/oped\/normalizacija-kosova-i-srbije-u-svetlu-rae-radnika-bolnice-isa-grezda\/\" target=\"_self\">\r\n\t\t\t\tNormalizacija Kosova i Srbije u svetlu RAE radnika bolnice &#8220;Isa Grezda&#8221;\t\t\t<\/a>\r\n\t\t<\/h4>\r\n\t\t\t\t<div class=\"premium-blog-entry-meta\">\r\n\t\t\t\r\n\t\t\t\t\t\t\t<span class=\"premium-blog-meta-separator\">\u2022<\/span>\r\n\t\t\t\t<div class=\"premium-blog-post-time premium-blog-meta-data\">\r\n\t\t\t\t\t<i class=\"fa fa-calendar-alt\" aria-hidden=\"true\"><\/i>\r\n\t\t\t\t\t<span>30\/04\/2025<\/span>\r\n\t\t\t\t<\/div>\r\n\t\t\t\r\n\t\t\t\r\n\t\t\t\t\t<\/div>\r\n\t\t\r\n\t\t\t\t\t<\/div>\r\n\r\n\t\t\t\t\t\t\t\t\t\t\r\n\t\t\t\t<\/div>\r\n\t\t\t<\/div>\r\n\t\t<\/div>\r\n\r\n\t\t\t\t<div class=\"premium-blog-post-outer-container\" data-total=\"19\">\r\n\t\t\t<div class=\"premium-blog-post-container premium-blog-skin-classic\">\r\n\t\t\t\t\t\t\t\t\t<div class=\"premium-blog-thumb-effect-wrapper\">\r\n\t\t\t\t\t\t<div class=\"premium-blog-thumbnail-container premium-blog-zoomin-effect\">\r\n\t\t\t\t\t\t\t<img decoding=\"async\" width=\"150\" height=\"150\" src=\"https:\/\/newsocialinitiative.org\/wp-content\/uploads\/2025\/03\/3-150x150.png\" class=\"attachment-thumbnail size-thumbnail wp-image-36051\" alt=\"\" srcset=\"https:\/\/newsocialinitiative.org\/wp-content\/uploads\/2025\/03\/3-150x150.png 150w, https:\/\/newsocialinitiative.org\/wp-content\/uploads\/2025\/03\/3-300x300.png 300w, https:\/\/newsocialinitiative.org\/wp-content\/uploads\/2025\/03\/3-1024x1024.png 1024w, https:\/\/newsocialinitiative.org\/wp-content\/uploads\/2025\/03\/3-768x768.png 768w, https:\/\/newsocialinitiative.org\/wp-content\/uploads\/2025\/03\/3-500x500.png 500w, https:\/\/newsocialinitiative.org\/wp-content\/uploads\/2025\/03\/3-550x550.png 550w, https:\/\/newsocialinitiative.org\/wp-content\/uploads\/2025\/03\/3-1000x1000.png 1000w, https:\/\/newsocialinitiative.org\/wp-content\/uploads\/2025\/03\/3-650x650.png 650w, https:\/\/newsocialinitiative.org\/wp-content\/uploads\/2025\/03\/3.png 1080w\" sizes=\"(max-width: 150px) 100vw, 150px\" \/>\t\t\t\t\t\t<\/div>\r\n\t\t\t\t\t\t\t\t\t\t\t\t\t<div class=\"premium-blog-thumbnail-overlay\">\r\n\t\t\t\t\t\t\t\t<a class=\"elementor-icon\" href=\"https:\/\/newsocialinitiative.org\/sr\/oped\/normalizacija-nenormalizacije-licnih-dokumenata\/\" target=\"_self\" aria-hidden=\"true\"><span>Normalizacija nenormalizacije li\u010dnih dokumenata<\/span><\/a>\r\n\t\t\t\t\t\t\t<\/div>\r\n\t\t\t\t\t\t\t\t\t\t\t<\/div>\r\n\t\t\t\t\t\t\t\t\t\t\t\t<div class=\"premium-blog-content-wrapper \">\r\n\r\n\t\t\t\t\t<div class=\"premium-blog-inner-container\">\r\n\r\n\t\t\t\t\t\t\t\t\t\t\t\t\t\t<h4 class=\"premium-blog-entry-title\">\r\n\t\t\t<a href=\"https:\/\/newsocialinitiative.org\/sr\/oped\/normalizacija-nenormalizacije-licnih-dokumenata\/\" target=\"_self\">\r\n\t\t\t\tNormalizacija nenormalizacije li\u010dnih dokumenata\t\t\t<\/a>\r\n\t\t<\/h4>\r\n\t\t\t\t<div class=\"premium-blog-entry-meta\">\r\n\t\t\t\r\n\t\t\t\t\t\t\t<span class=\"premium-blog-meta-separator\">\u2022<\/span>\r\n\t\t\t\t<div class=\"premium-blog-post-time premium-blog-meta-data\">\r\n\t\t\t\t\t<i class=\"fa fa-calendar-alt\" aria-hidden=\"true\"><\/i>\r\n\t\t\t\t\t<span>26\/03\/2025<\/span>\r\n\t\t\t\t<\/div>\r\n\t\t\t\r\n\t\t\t\r\n\t\t\t\t\t<\/div>\r\n\t\t\r\n\t\t\t\t\t<\/div>\r\n\r\n\t\t\t\t\t\t\t\t\t\t\r\n\t\t\t\t<\/div>\r\n\t\t\t<\/div>\r\n\t\t<\/div>\r\n\r\n\t\t\t\t<div class=\"premium-blog-post-outer-container\" data-total=\"19\">\r\n\t\t\t<div class=\"premium-blog-post-container premium-blog-skin-classic\">\r\n\t\t\t\t\t\t\t\t\t<div class=\"premium-blog-thumb-effect-wrapper\">\r\n\t\t\t\t\t\t<div class=\"premium-blog-thumbnail-container premium-blog-zoomin-effect\">\r\n\t\t\t\t\t\t\t<img decoding=\"async\" width=\"150\" height=\"150\" src=\"https:\/\/newsocialinitiative.org\/wp-content\/uploads\/2025\/03\/Screenshot-2025-05-23-at-19.11.18-150x150.png\" class=\"attachment-thumbnail size-thumbnail wp-image-36298\" alt=\"\" srcset=\"https:\/\/newsocialinitiative.org\/wp-content\/uploads\/2025\/03\/Screenshot-2025-05-23-at-19.11.18-150x150.png 150w, https:\/\/newsocialinitiative.org\/wp-content\/uploads\/2025\/03\/Screenshot-2025-05-23-at-19.11.18-300x300.png 300w, https:\/\/newsocialinitiative.org\/wp-content\/uploads\/2025\/03\/Screenshot-2025-05-23-at-19.11.18-1024x1024.png 1024w, https:\/\/newsocialinitiative.org\/wp-content\/uploads\/2025\/03\/Screenshot-2025-05-23-at-19.11.18-768x768.png 768w, https:\/\/newsocialinitiative.org\/wp-content\/uploads\/2025\/03\/Screenshot-2025-05-23-at-19.11.18-500x500.png 500w, https:\/\/newsocialinitiative.org\/wp-content\/uploads\/2025\/03\/Screenshot-2025-05-23-at-19.11.18-550x550.png 550w, https:\/\/newsocialinitiative.org\/wp-content\/uploads\/2025\/03\/Screenshot-2025-05-23-at-19.11.18-1000x1000.png 1000w, https:\/\/newsocialinitiative.org\/wp-content\/uploads\/2025\/03\/Screenshot-2025-05-23-at-19.11.18-650x650.png 650w, https:\/\/newsocialinitiative.org\/wp-content\/uploads\/2025\/03\/Screenshot-2025-05-23-at-19.11.18-1300x1300.png 1300w, https:\/\/newsocialinitiative.org\/wp-content\/uploads\/2025\/03\/Screenshot-2025-05-23-at-19.11.18.png 1532w\" sizes=\"(max-width: 150px) 100vw, 150px\" \/>\t\t\t\t\t\t<\/div>\r\n\t\t\t\t\t\t\t\t\t\t\t\t\t<div class=\"premium-blog-thumbnail-overlay\">\r\n\t\t\t\t\t\t\t\t<a class=\"elementor-icon\" href=\"https:\/\/newsocialinitiative.org\/sr\/oped\/normalizacija-kosova-i-srbije-kao-razvojna-prilika-i-za-nesrbe-i-za-nealbance\/\" target=\"_self\" aria-hidden=\"true\"><span>Normalizacija Kosova i Srbije kao razvojna prilika i za nesrbe i za nealbance\u00a0<\/span><\/a>\r\n\t\t\t\t\t\t\t<\/div>\r\n\t\t\t\t\t\t\t\t\t\t\t<\/div>\r\n\t\t\t\t\t\t\t\t\t\t\t\t<div class=\"premium-blog-content-wrapper \">\r\n\r\n\t\t\t\t\t<div class=\"premium-blog-inner-container\">\r\n\r\n\t\t\t\t\t\t\t\t\t\t\t\t\t\t<h4 class=\"premium-blog-entry-title\">\r\n\t\t\t<a href=\"https:\/\/newsocialinitiative.org\/sr\/oped\/normalizacija-kosova-i-srbije-kao-razvojna-prilika-i-za-nesrbe-i-za-nealbance\/\" target=\"_self\">\r\n\t\t\t\tNormalizacija Kosova i Srbije kao razvojna prilika i za nesrbe i za nealbance\u00a0\t\t\t<\/a>\r\n\t\t<\/h4>\r\n\t\t\t\t<div class=\"premium-blog-entry-meta\">\r\n\t\t\t\r\n\t\t\t\t\t\t\t<span class=\"premium-blog-meta-separator\">\u2022<\/span>\r\n\t\t\t\t<div class=\"premium-blog-post-time premium-blog-meta-data\">\r\n\t\t\t\t\t<i class=\"fa fa-calendar-alt\" aria-hidden=\"true\"><\/i>\r\n\t\t\t\t\t<span>20\/03\/2025<\/span>\r\n\t\t\t\t<\/div>\r\n\t\t\t\r\n\t\t\t\r\n\t\t\t\t\t<\/div>\r\n\t\t\r\n\t\t\t\t\t<\/div>\r\n\r\n\t\t\t\t\t\t\t\t\t\t\r\n\t\t\t\t<\/div>\r\n\t\t\t<\/div>\r\n\t\t<\/div>\r\n\r\n\t\t\t\t<div class=\"premium-blog-post-outer-container\" data-total=\"19\">\r\n\t\t\t<div class=\"premium-blog-post-container premium-blog-skin-classic\">\r\n\t\t\t\t\t\t\t\t\t<div class=\"premium-blog-thumb-effect-wrapper\">\r\n\t\t\t\t\t\t<div class=\"premium-blog-thumbnail-container premium-blog-zoomin-effect\">\r\n\t\t\t\t\t\t\t<img decoding=\"async\" width=\"150\" height=\"150\" src=\"https:\/\/newsocialinitiative.org\/wp-content\/uploads\/2024\/11\/stefan-srbbb-150x150.png\" class=\"attachment-thumbnail size-thumbnail wp-image-35410\" alt=\"\" srcset=\"https:\/\/newsocialinitiative.org\/wp-content\/uploads\/2024\/11\/stefan-srbbb-150x150.png 150w, https:\/\/newsocialinitiative.org\/wp-content\/uploads\/2024\/11\/stefan-srbbb-300x300.png 300w, https:\/\/newsocialinitiative.org\/wp-content\/uploads\/2024\/11\/stefan-srbbb-1024x1024.png 1024w, https:\/\/newsocialinitiative.org\/wp-content\/uploads\/2024\/11\/stefan-srbbb-768x768.png 768w, https:\/\/newsocialinitiative.org\/wp-content\/uploads\/2024\/11\/stefan-srbbb-500x500.png 500w, https:\/\/newsocialinitiative.org\/wp-content\/uploads\/2024\/11\/stefan-srbbb-550x550.png 550w, https:\/\/newsocialinitiative.org\/wp-content\/uploads\/2024\/11\/stefan-srbbb-1000x1000.png 1000w, https:\/\/newsocialinitiative.org\/wp-content\/uploads\/2024\/11\/stefan-srbbb-650x650.png 650w, https:\/\/newsocialinitiative.org\/wp-content\/uploads\/2024\/11\/stefan-srbbb.png 1080w\" sizes=\"(max-width: 150px) 100vw, 150px\" \/>\t\t\t\t\t\t<\/div>\r\n\t\t\t\t\t\t\t\t\t\t\t\t\t<div class=\"premium-blog-thumbnail-overlay\">\r\n\t\t\t\t\t\t\t\t<a class=\"elementor-icon\" href=\"https:\/\/newsocialinitiative.org\/sr\/oped\/neuocene-granice-de-facto-realizacija-etnickog-razgranicenja-na-kosovu\/\" target=\"_self\" aria-hidden=\"true\"><span>Neuo\u010dene granice: de facto realizacija etni\u010dkog razgrani\u010denja na Kosovu<\/span><\/a>\r\n\t\t\t\t\t\t\t<\/div>\r\n\t\t\t\t\t\t\t\t\t\t\t<\/div>\r\n\t\t\t\t\t\t\t\t\t\t\t\t<div class=\"premium-blog-content-wrapper \">\r\n\r\n\t\t\t\t\t<div class=\"premium-blog-inner-container\">\r\n\r\n\t\t\t\t\t\t\t\t\t\t\t\t\t\t<h4 class=\"premium-blog-entry-title\">\r\n\t\t\t<a href=\"https:\/\/newsocialinitiative.org\/sr\/oped\/neuocene-granice-de-facto-realizacija-etnickog-razgranicenja-na-kosovu\/\" target=\"_self\">\r\n\t\t\t\tNeuo\u010dene granice: de facto realizacija etni\u010dkog razgrani\u010denja na Kosovu\t\t\t<\/a>\r\n\t\t<\/h4>\r\n\t\t\t\t<div class=\"premium-blog-entry-meta\">\r\n\t\t\t\r\n\t\t\t\t\t\t\t<span class=\"premium-blog-meta-separator\">\u2022<\/span>\r\n\t\t\t\t<div class=\"premium-blog-post-time premium-blog-meta-data\">\r\n\t\t\t\t\t<i class=\"fa fa-calendar-alt\" aria-hidden=\"true\"><\/i>\r\n\t\t\t\t\t<span>27\/11\/2024<\/span>\r\n\t\t\t\t<\/div>\r\n\t\t\t\r\n\t\t\t\r\n\t\t\t\t\t<\/div>\r\n\t\t\r\n\t\t\t\t\t<\/div>\r\n\r\n\t\t\t\t\t\t\t\t\t\t\r\n\t\t\t\t<\/div>\r\n\t\t\t<\/div>\r\n\t\t<\/div>\r\n\r\n\t\t\t\t<div class=\"premium-blog-post-outer-container\" data-total=\"19\">\r\n\t\t\t<div class=\"premium-blog-post-container premium-blog-skin-classic\">\r\n\t\t\t\t\t\t\t\t\t<div class=\"premium-blog-thumb-effect-wrapper\">\r\n\t\t\t\t\t\t<div class=\"premium-blog-thumbnail-container premium-blog-zoomin-effect\">\r\n\t\t\t\t\t\t\t<img decoding=\"async\" width=\"150\" height=\"150\" src=\"https:\/\/newsocialinitiative.org\/wp-content\/uploads\/2024\/11\/srb-150x150.jpg\" class=\"attachment-thumbnail size-thumbnail wp-image-35296\" alt=\"\" srcset=\"https:\/\/newsocialinitiative.org\/wp-content\/uploads\/2024\/11\/srb-150x150.jpg 150w, https:\/\/newsocialinitiative.org\/wp-content\/uploads\/2024\/11\/srb-300x300.jpg 300w, https:\/\/newsocialinitiative.org\/wp-content\/uploads\/2024\/11\/srb-1024x1024.jpg 1024w, https:\/\/newsocialinitiative.org\/wp-content\/uploads\/2024\/11\/srb-768x768.jpg 768w, https:\/\/newsocialinitiative.org\/wp-content\/uploads\/2024\/11\/srb-500x500.jpg 500w, https:\/\/newsocialinitiative.org\/wp-content\/uploads\/2024\/11\/srb-550x550.jpg 550w, https:\/\/newsocialinitiative.org\/wp-content\/uploads\/2024\/11\/srb-1000x1000.jpg 1000w, https:\/\/newsocialinitiative.org\/wp-content\/uploads\/2024\/11\/srb-650x650.jpg 650w, https:\/\/newsocialinitiative.org\/wp-content\/uploads\/2024\/11\/srb.jpg 1080w\" sizes=\"(max-width: 150px) 100vw, 150px\" \/>\t\t\t\t\t\t<\/div>\r\n\t\t\t\t\t\t\t\t\t\t\t\t\t<div class=\"premium-blog-thumbnail-overlay\">\r\n\t\t\t\t\t\t\t\t<a class=\"elementor-icon\" href=\"https:\/\/newsocialinitiative.org\/sr\/oped\/mis-univerzuma-od-evropske-unije-ursula-fon-der-lajen\/\" target=\"_self\" aria-hidden=\"true\"><span>Mis univerzuma od Evropske unije, Ursula fon der Lajen<\/span><\/a>\r\n\t\t\t\t\t\t\t<\/div>\r\n\t\t\t\t\t\t\t\t\t\t\t<\/div>\r\n\t\t\t\t\t\t\t\t\t\t\t\t<div class=\"premium-blog-content-wrapper \">\r\n\r\n\t\t\t\t\t<div class=\"premium-blog-inner-container\">\r\n\r\n\t\t\t\t\t\t\t\t\t\t\t\t\t\t<h4 class=\"premium-blog-entry-title\">\r\n\t\t\t<a href=\"https:\/\/newsocialinitiative.org\/sr\/oped\/mis-univerzuma-od-evropske-unije-ursula-fon-der-lajen\/\" target=\"_self\">\r\n\t\t\t\tMis univerzuma od Evropske unije, Ursula fon der Lajen\t\t\t<\/a>\r\n\t\t<\/h4>\r\n\t\t\t\t<div class=\"premium-blog-entry-meta\">\r\n\t\t\t\r\n\t\t\t\t\t\t\t<span class=\"premium-blog-meta-separator\">\u2022<\/span>\r\n\t\t\t\t<div class=\"premium-blog-post-time premium-blog-meta-data\">\r\n\t\t\t\t\t<i class=\"fa fa-calendar-alt\" aria-hidden=\"true\"><\/i>\r\n\t\t\t\t\t<span>13\/11\/2024<\/span>\r\n\t\t\t\t<\/div>\r\n\t\t\t\r\n\t\t\t\r\n\t\t\t\t\t<\/div>\r\n\t\t\r\n\t\t\t\t\t<\/div>\r\n\r\n\t\t\t\t\t\t\t\t\t\t\r\n\t\t\t\t<\/div>\r\n\t\t\t<\/div>\r\n\t\t<\/div>\r\n\r\n\t\t\t\t<\/div>\r\n\r\n\t\t\t\t<\/div>\n\t\t\t\t<\/div>\n\t\t\t\t\t<\/div>\n\t\t<\/div>\n\t\t\t\t\t\t\t<\/div>\n\t\t<\/section>\n\t\t\t\t\t\t\t<\/div>\n\t\t","protected":false},"excerpt":{"rendered":"<p>Playing the long game\u2026 no longer \u2022 05\/04\/2022 The dialogue between Kosovo and Serbia: Back to technical dialogue? \u2022 30\/03\/2022 The Blame Game: The EU is not credible? And Kosovo is? \u2022 29\/03\/2022 Professionals and propagandists \u2022 08\/12\/2021 WAR, DIALOGUE AND THE YOUNGER GENERATION \u2022&#8230;<\/p>\n","protected":false},"author":2,"featured_media":0,"parent":0,"menu_order":0,"comment_status":"closed","ping_status":"closed","template":"archive-opeds-template.php","meta":{"footnotes":"","_links_to":"","_links_to_target":""},"class_list":["post-24631","page","type-page","status-publish","hentry"],"acf":[],"_links":{"self":[{"href":"https:\/\/newsocialinitiative.org\/sr\/wp-json\/wp\/v2\/pages\/24631","targetHints":{"allow":["GET"]}}],"collection":[{"href":"https:\/\/newsocialinitiative.org\/sr\/wp-json\/wp\/v2\/pages"}],"about":[{"href":"https:\/\/newsocialinitiative.org\/sr\/wp-json\/wp\/v2\/types\/page"}],"author":[{"embeddable":true,"href":"https:\/\/newsocialinitiative.org\/sr\/wp-json\/wp\/v2\/users\/2"}],"replies":[{"embeddable":true,"href":"https:\/\/newsocialinitiative.org\/sr\/wp-json\/wp\/v2\/comments?post=24631"}],"version-history":[{"count":0,"href":"https:\/\/newsocialinitiative.org\/sr\/wp-json\/wp\/v2\/pages\/24631\/revisions"}],"wp:attachment":[{"href":"https:\/\/newsocialinitiative.org\/sr\/wp-json\/wp\/v2\/media?parent=24631"}],"curies":[{"name":"wp","href":"https:\/\/api.w.org\/{rel}","templated":true}]}}