{"id":24609,"date":"2022-03-17T21:30:46","date_gmt":"2022-03-17T20:30:46","guid":{"rendered":"https:\/\/newsocialinitiative.org\/publikime\/"},"modified":"2022-07-13T23:16:23","modified_gmt":"2022-07-13T21:16:23","slug":"publikime","status":"publish","type":"page","link":"https:\/\/newsocialinitiative.org\/sq\/publikime\/","title":{"rendered":"Publikime"},"content":{"rendered":"\t\t<div data-elementor-type=\"wp-page\" data-elementor-id=\"24609\" class=\"elementor elementor-24609 elementor-20164\">\n\t\t\t\t\t\t\t\t\t<section data-pa-eq-height=\"{&quot;targetType&quot;:&quot;widget&quot;,&quot;target&quot;:&quot;&quot;,&quot;enableOn&quot;:[&quot;desktop&quot;,&quot;tablet&quot;,&quot;mobile&quot;,&quot;widescreen&quot;,&quot;laptop&quot;,&quot;tablet_extra&quot;,&quot;mobile_extra&quot;]}\" class=\"elementor-section elementor-top-section elementor-element elementor-element-67760b2 premium-equal-height-yes elementor-section-full_width elementor-section-height-default elementor-section-height-default exad-glass-effect-no exad-sticky-section-no edgtf-elementor-container-no edgtf-section edgtf-parallax-section-holder-touch-disabled edgtf-parallax-section-no\" data-id=\"67760b2\" data-element_type=\"section\" data-settings=\"{&quot;premium_eq_height_switcher&quot;:&quot;yes&quot;}\">\n\t\t\t\t\t\t<div class=\"elementor-container elementor-column-gap-default\">\n\t\t\t\t\t<div class=\"elementor-column elementor-col-100 elementor-top-column elementor-element elementor-element-781c0be exad-glass-effect-no exad-sticky-section-no\" data-id=\"781c0be\" data-element_type=\"column\">\n\t\t\t<div class=\"elementor-widget-wrap elementor-element-populated\">\n\t\t\t\t\t\t\t\t<div class=\"elementor-element elementor-element-e664979 e-transform elementor-widget__width-inherit publications-template premium-blog-align-left exad-sticky-section-no exad-glass-effect-no elementor-widget elementor-widget-premium-addon-blog\" data-id=\"e664979\" data-element_type=\"widget\" data-settings=\"{&quot;premium_blog_columns_number&quot;:&quot;25%&quot;,&quot;force_height&quot;:&quot;true&quot;,&quot;premium_blog_grid&quot;:&quot;yes&quot;,&quot;premium_blog_layout&quot;:&quot;even&quot;,&quot;premium_blog_columns_number_tablet&quot;:&quot;50%&quot;,&quot;premium_blog_columns_number_mobile&quot;:&quot;100%&quot;,&quot;scroll_to_offset&quot;:&quot;yes&quot;,&quot;_transform_rotateZ_effect_hover&quot;:{&quot;unit&quot;:&quot;px&quot;,&quot;size&quot;:&quot;&quot;,&quot;sizes&quot;:[]},&quot;_transform_rotateZ_effect_hover_laptop&quot;:{&quot;unit&quot;:&quot;deg&quot;,&quot;size&quot;:&quot;&quot;,&quot;sizes&quot;:[]},&quot;_transform_rotateZ_effect_hover_tablet&quot;:{&quot;unit&quot;:&quot;deg&quot;,&quot;size&quot;:&quot;&quot;,&quot;sizes&quot;:[]},&quot;_transform_rotateZ_effect_hover_mobile_extra&quot;:{&quot;unit&quot;:&quot;deg&quot;,&quot;size&quot;:&quot;&quot;,&quot;sizes&quot;:[]},&quot;_transform_rotateZ_effect_hover_mobile&quot;:{&quot;unit&quot;:&quot;deg&quot;,&quot;size&quot;:&quot;&quot;,&quot;sizes&quot;:[]}}\" data-widget_type=\"premium-addon-blog.default\">\n\t\t\t\t<div class=\"elementor-widget-container\">\n\t\t\t\r\n\t\t\t\t<div class=\"premium-blog-wrap  premium-blog-even\" data-page=\"24609\" data-pagination=\"true\">\r\n\t\t\t\t\t<div class=\"premium-blog-post-outer-container\" data-total=\"9\">\r\n\t\t\t<div class=\"premium-blog-post-container premium-blog-skin-classic\">\r\n\t\t\t\t\t\t\t\t\t<div class=\"premium-blog-thumb-effect-wrapper\">\r\n\t\t\t\t\t\t<div class=\"premium-blog-thumbnail-container premium-blog-zoomin-effect\">\r\n\t\t\t\t\t\t\t<img decoding=\"async\" width=\"650\" height=\"845\" src=\"https:\/\/newsocialinitiative.org\/wp-content\/uploads\/2026\/03\/Screenshot_93.png\" class=\"attachment-full size-full wp-image-36971\" alt=\"\" srcset=\"https:\/\/newsocialinitiative.org\/wp-content\/uploads\/2026\/03\/Screenshot_93.png 650w, https:\/\/newsocialinitiative.org\/wp-content\/uploads\/2026\/03\/Screenshot_93-231x300.png 231w\" sizes=\"(max-width: 650px) 100vw, 650px\" \/>\t\t\t\t\t\t<\/div>\r\n\t\t\t\t\t\t\t\t\t\t\t\t\t<div class=\"premium-blog-thumbnail-overlay\">\r\n\t\t\t\t\t\t\t\t<a class=\"elementor-icon\" href=\"https:\/\/newsocialinitiative.org\/sq\/zbatimi-i-ligjit-per-te-huajt-dhe-ligjit-per-automjetet-ne-kosove-eshtjet-kyce-dhe-implikimet-praktike\/\" target=\"_self\" aria-hidden=\"true\"><span>Zbatimi i Ligjit p\u00ebr t\u00eb huajt dhe Ligjit p\u00ebr automjetet n\u00eb Kosov\u00eb: \u00cbshtjet ky\u00e7e dhe implikimet praktike<\/span><\/a>\r\n\t\t\t\t\t\t\t<\/div>\r\n\t\t\t\t\t\t\t\t\t\t\t<\/div>\r\n\t\t\t\t\t\t\t\t\t\t\t\t<div class=\"premium-blog-content-wrapper \">\r\n\r\n\t\t\t\t\t<div class=\"premium-blog-inner-container\">\r\n\r\n\t\t\t\t\t\t\t\t\t\t\t\t\t\t<h2 class=\"premium-blog-entry-title\">\r\n\t\t\t<a href=\"https:\/\/newsocialinitiative.org\/sq\/zbatimi-i-ligjit-per-te-huajt-dhe-ligjit-per-automjetet-ne-kosove-eshtjet-kyce-dhe-implikimet-praktike\/\" target=\"_self\">\r\n\t\t\t\tZbatimi i Ligjit p\u00ebr t\u00eb huajt dhe Ligjit p\u00ebr automjetet n\u00eb Kosov\u00eb: \u00cbshtjet ky\u00e7e dhe implikimet praktike\t\t\t<\/a>\r\n\t\t<\/h2>\r\n\t\t\t\t<div class=\"premium-blog-entry-meta\">\r\n\t\t\t\r\n\t\t\t\r\n\t\t\t\r\n\t\t\t\t\t<\/div>\r\n\t\t\r\n\t\t\t\t\t<\/div>\r\n\r\n\t\t\t\t\t\t\t\t\t\t\r\n\t\t\t\t<\/div>\r\n\t\t\t<\/div>\r\n\t\t<\/div>\r\n\r\n\t\t\t\t<div class=\"premium-blog-post-outer-container\" data-total=\"9\">\r\n\t\t\t<div class=\"premium-blog-post-container premium-blog-skin-classic\">\r\n\t\t\t\t\t\t\t\t\t<div class=\"premium-blog-thumb-effect-wrapper\">\r\n\t\t\t\t\t\t<div class=\"premium-blog-thumbnail-container premium-blog-zoomin-effect\">\r\n\t\t\t\t\t\t\t<img decoding=\"async\" width=\"651\" height=\"919\" src=\"https:\/\/newsocialinitiative.org\/wp-content\/uploads\/2026\/03\/Screenshot_89.png\" class=\"attachment-full size-full wp-image-36945\" alt=\"\" srcset=\"https:\/\/newsocialinitiative.org\/wp-content\/uploads\/2026\/03\/Screenshot_89.png 651w, https:\/\/newsocialinitiative.org\/wp-content\/uploads\/2026\/03\/Screenshot_89-213x300.png 213w\" sizes=\"(max-width: 651px) 100vw, 651px\" \/>\t\t\t\t\t\t<\/div>\r\n\t\t\t\t\t\t\t\t\t\t\t\t\t<div class=\"premium-blog-thumbnail-overlay\">\r\n\t\t\t\t\t\t\t\t<a class=\"elementor-icon\" href=\"https:\/\/newsocialinitiative.org\/sq\/gjetjet-ndersektoriale-nga-forumet-e-pulsit-te-komunitetit-ne-veri-te-kosoves\/\" target=\"_self\" aria-hidden=\"true\"><span>Gjetjet ndersektoriale nga forumet e pulsit t\u00eb komunitetit n\u00eb veri t\u00eb Kosov\u00ebs<\/span><\/a>\r\n\t\t\t\t\t\t\t<\/div>\r\n\t\t\t\t\t\t\t\t\t\t\t<\/div>\r\n\t\t\t\t\t\t\t\t\t\t\t\t<div class=\"premium-blog-content-wrapper \">\r\n\r\n\t\t\t\t\t<div class=\"premium-blog-inner-container\">\r\n\r\n\t\t\t\t\t\t\t\t\t\t\t\t\t\t<h2 class=\"premium-blog-entry-title\">\r\n\t\t\t<a href=\"https:\/\/newsocialinitiative.org\/sq\/gjetjet-ndersektoriale-nga-forumet-e-pulsit-te-komunitetit-ne-veri-te-kosoves\/\" target=\"_self\">\r\n\t\t\t\tGjetjet ndersektoriale nga forumet e pulsit t\u00eb komunitetit n\u00eb veri t\u00eb Kosov\u00ebs\t\t\t<\/a>\r\n\t\t<\/h2>\r\n\t\t\t\t<div class=\"premium-blog-entry-meta\">\r\n\t\t\t\r\n\t\t\t\r\n\t\t\t\r\n\t\t\t\t\t<\/div>\r\n\t\t\r\n\t\t\t\t\t<\/div>\r\n\r\n\t\t\t\t\t\t\t\t\t\t\r\n\t\t\t\t<\/div>\r\n\t\t\t<\/div>\r\n\t\t<\/div>\r\n\r\n\t\t\t\t<div class=\"premium-blog-post-outer-container\" data-total=\"9\">\r\n\t\t\t<div class=\"premium-blog-post-container premium-blog-skin-classic\">\r\n\t\t\t\t\t\t\t\t\t<div class=\"premium-blog-thumb-effect-wrapper\">\r\n\t\t\t\t\t\t<div class=\"premium-blog-thumbnail-container premium-blog-zoomin-effect\">\r\n\t\t\t\t\t\t\t<img decoding=\"async\" width=\"595\" height=\"843\" src=\"https:\/\/newsocialinitiative.org\/wp-content\/uploads\/2026\/03\/ALB.jpg\" class=\"attachment-full size-full wp-image-37008\" alt=\"\" srcset=\"https:\/\/newsocialinitiative.org\/wp-content\/uploads\/2026\/03\/ALB.jpg 595w, https:\/\/newsocialinitiative.org\/wp-content\/uploads\/2026\/03\/ALB-212x300.jpg 212w\" sizes=\"(max-width: 595px) 100vw, 595px\" \/>\t\t\t\t\t\t<\/div>\r\n\t\t\t\t\t\t\t\t\t\t\t\t\t<div class=\"premium-blog-thumbnail-overlay\">\r\n\t\t\t\t\t\t\t\t<a class=\"elementor-icon\" href=\"https:\/\/newsocialinitiative.org\/sq\/prokurimidhe-besimi-ipublikutnje-vleresim-i-shpenzimevekomunale-ne-veriun-e-kosovesshtator-2024-gusht-2025\/\" target=\"_self\" aria-hidden=\"true\"><span>PROKURIMIDHE BESIMI IPUBLIKUT:NJ\u00cb VLER\u00cbSIM I SHPENZIMEVEKOMUNALE N\u00cb VERIUN E KOSOV\u00cbS(SHTATOR 2024 \u2013 GUSHT 2025)<\/span><\/a>\r\n\t\t\t\t\t\t\t<\/div>\r\n\t\t\t\t\t\t\t\t\t\t\t<\/div>\r\n\t\t\t\t\t\t\t\t\t\t\t\t<div class=\"premium-blog-content-wrapper \">\r\n\r\n\t\t\t\t\t<div class=\"premium-blog-inner-container\">\r\n\r\n\t\t\t\t\t\t\t\t\t\t\t\t\t\t<h2 class=\"premium-blog-entry-title\">\r\n\t\t\t<a href=\"https:\/\/newsocialinitiative.org\/sq\/prokurimidhe-besimi-ipublikutnje-vleresim-i-shpenzimevekomunale-ne-veriun-e-kosovesshtator-2024-gusht-2025\/\" target=\"_self\">\r\n\t\t\t\tPROKURIMIDHE BESIMI IPUBLIKUT:NJ\u00cb VLER\u00cbSIM I SHPENZIMEVEKOMUNALE N\u00cb VERIUN E KOSOV\u00cbS(SHTATOR 2024 \u2013 GUSHT 2025)\t\t\t<\/a>\r\n\t\t<\/h2>\r\n\t\t\t\t<div class=\"premium-blog-entry-meta\">\r\n\t\t\t\r\n\t\t\t\r\n\t\t\t\r\n\t\t\t\t\t<\/div>\r\n\t\t\r\n\t\t\t\t\t<\/div>\r\n\r\n\t\t\t\t\t\t\t\t\t\t\r\n\t\t\t\t<\/div>\r\n\t\t\t<\/div>\r\n\t\t<\/div>\r\n\r\n\t\t\t\t<div class=\"premium-blog-post-outer-container\" data-total=\"9\">\r\n\t\t\t<div class=\"premium-blog-post-container premium-blog-skin-classic\">\r\n\t\t\t\t\t\t\t\t\t<div class=\"premium-blog-thumb-effect-wrapper\">\r\n\t\t\t\t\t\t<div class=\"premium-blog-thumbnail-container premium-blog-zoomin-effect\">\r\n\t\t\t\t\t\t\t<img decoding=\"async\" width=\"896\" height=\"1152\" src=\"https:\/\/newsocialinitiative.org\/wp-content\/uploads\/2024\/08\/viber_image_2025-10-06_11-53-13-953.jpg\" class=\"attachment-full size-full wp-image-36656\" alt=\"\" srcset=\"https:\/\/newsocialinitiative.org\/wp-content\/uploads\/2024\/08\/viber_image_2025-10-06_11-53-13-953.jpg 896w, https:\/\/newsocialinitiative.org\/wp-content\/uploads\/2024\/08\/viber_image_2025-10-06_11-53-13-953-233x300.jpg 233w, https:\/\/newsocialinitiative.org\/wp-content\/uploads\/2024\/08\/viber_image_2025-10-06_11-53-13-953-796x1024.jpg 796w, https:\/\/newsocialinitiative.org\/wp-content\/uploads\/2024\/08\/viber_image_2025-10-06_11-53-13-953-768x987.jpg 768w\" sizes=\"(max-width: 896px) 100vw, 896px\" \/>\t\t\t\t\t\t<\/div>\r\n\t\t\t\t\t\t\t\t\t\t\t\t\t<div class=\"premium-blog-thumbnail-overlay\">\r\n\t\t\t\t\t\t\t\t<a class=\"elementor-icon\" href=\"https:\/\/newsocialinitiative.org\/sq\/bashkohuni-me-ne-si-vullnetare-ne-samitin-per-paqe-dhe-demokraci-ne-kosove-2025\/\" target=\"_self\" aria-hidden=\"true\"><span>Bashkohuni me ne si vullnetar\u00eb n\u00eb Samitin p\u00ebr Paqe dhe Demokraci n\u00eb Kosov\u00eb 2025<\/span><\/a>\r\n\t\t\t\t\t\t\t<\/div>\r\n\t\t\t\t\t\t\t\t\t\t\t<\/div>\r\n\t\t\t\t\t\t\t\t\t\t\t\t<div class=\"premium-blog-content-wrapper \">\r\n\r\n\t\t\t\t\t<div class=\"premium-blog-inner-container\">\r\n\r\n\t\t\t\t\t\t\t\t\t\t\t\t\t\t<h2 class=\"premium-blog-entry-title\">\r\n\t\t\t<a href=\"https:\/\/newsocialinitiative.org\/sq\/bashkohuni-me-ne-si-vullnetare-ne-samitin-per-paqe-dhe-demokraci-ne-kosove-2025\/\" target=\"_self\">\r\n\t\t\t\tBashkohuni me ne si vullnetar\u00eb n\u00eb Samitin p\u00ebr Paqe dhe Demokraci n\u00eb Kosov\u00eb 2025\t\t\t<\/a>\r\n\t\t<\/h2>\r\n\t\t\t\t<div class=\"premium-blog-entry-meta\">\r\n\t\t\t\r\n\t\t\t\r\n\t\t\t\r\n\t\t\t\t\t<\/div>\r\n\t\t\r\n\t\t\t\t\t<\/div>\r\n\r\n\t\t\t\t\t\t\t\t\t\t\r\n\t\t\t\t<\/div>\r\n\t\t\t<\/div>\r\n\t\t<\/div>\r\n\r\n\t\t\t\t<div class=\"premium-blog-post-outer-container\" data-total=\"9\">\r\n\t\t\t<div class=\"premium-blog-post-container premium-blog-skin-classic\">\r\n\t\t\t\t\t\t\t\t\t<div class=\"premium-blog-thumb-effect-wrapper\">\r\n\t\t\t\t\t\t<div class=\"premium-blog-thumbnail-container premium-blog-zoomin-effect\">\r\n\t\t\t\t\t\t\t<img decoding=\"async\" width=\"1260\" height=\"1794\" src=\"https:\/\/newsocialinitiative.org\/wp-content\/uploads\/2025\/06\/Screenshot-2025-06-30-at-16.30.16.png\" class=\"attachment-full size-full wp-image-36574\" alt=\"\" srcset=\"https:\/\/newsocialinitiative.org\/wp-content\/uploads\/2025\/06\/Screenshot-2025-06-30-at-16.30.16.png 1260w, https:\/\/newsocialinitiative.org\/wp-content\/uploads\/2025\/06\/Screenshot-2025-06-30-at-16.30.16-211x300.png 211w, https:\/\/newsocialinitiative.org\/wp-content\/uploads\/2025\/06\/Screenshot-2025-06-30-at-16.30.16-719x1024.png 719w\" sizes=\"(max-width: 1260px) 100vw, 1260px\" \/>\t\t\t\t\t\t<\/div>\r\n\t\t\t\t\t\t\t\t\t\t\t\t\t<div class=\"premium-blog-thumbnail-overlay\">\r\n\t\t\t\t\t\t\t\t<a class=\"elementor-icon\" href=\"https:\/\/newsocialinitiative.org\/sq\/qasja-e-mohuar-shkeputja-e-serbeve-nga-institucionet-te-kosoves\/\" target=\"_self\" aria-hidden=\"true\"><span>Qasja e Mohuar \u2013 Shk\u00ebputja e Serb\u00ebve nga institucionet t\u00eb Kosov\u00ebs<\/span><\/a>\r\n\t\t\t\t\t\t\t<\/div>\r\n\t\t\t\t\t\t\t\t\t\t\t<\/div>\r\n\t\t\t\t\t\t\t\t\t\t\t\t<div class=\"premium-blog-content-wrapper \">\r\n\r\n\t\t\t\t\t<div class=\"premium-blog-inner-container\">\r\n\r\n\t\t\t\t\t\t\t\t\t\t\t\t\t\t<h2 class=\"premium-blog-entry-title\">\r\n\t\t\t<a href=\"https:\/\/newsocialinitiative.org\/sq\/qasja-e-mohuar-shkeputja-e-serbeve-nga-institucionet-te-kosoves\/\" target=\"_self\">\r\n\t\t\t\tQasja e Mohuar \u2013 Shk\u00ebputja e Serb\u00ebve nga institucionet t\u00eb Kosov\u00ebs\t\t\t<\/a>\r\n\t\t<\/h2>\r\n\t\t\t\t<div class=\"premium-blog-entry-meta\">\r\n\t\t\t\r\n\t\t\t\r\n\t\t\t\r\n\t\t\t\t\t<\/div>\r\n\t\t\r\n\t\t\t\t\t<\/div>\r\n\r\n\t\t\t\t\t\t\t\t\t\t\r\n\t\t\t\t<\/div>\r\n\t\t\t<\/div>\r\n\t\t<\/div>\r\n\r\n\t\t\t\t<div class=\"premium-blog-post-outer-container\" data-total=\"9\">\r\n\t\t\t<div class=\"premium-blog-post-container premium-blog-skin-classic\">\r\n\t\t\t\t\t\t\t\t\t<div class=\"premium-blog-thumb-effect-wrapper\">\r\n\t\t\t\t\t\t<div class=\"premium-blog-thumbnail-container premium-blog-zoomin-effect\">\r\n\t\t\t\t\t\t\t<img decoding=\"async\" width=\"1218\" height=\"1728\" src=\"https:\/\/newsocialinitiative.org\/wp-content\/uploads\/2025\/06\/Screenshot-2025-06-23-at-20.33.24.png\" class=\"attachment-full size-full wp-image-36458\" alt=\"\" srcset=\"https:\/\/newsocialinitiative.org\/wp-content\/uploads\/2025\/06\/Screenshot-2025-06-23-at-20.33.24.png 1218w, https:\/\/newsocialinitiative.org\/wp-content\/uploads\/2025\/06\/Screenshot-2025-06-23-at-20.33.24-211x300.png 211w, https:\/\/newsocialinitiative.org\/wp-content\/uploads\/2025\/06\/Screenshot-2025-06-23-at-20.33.24-722x1024.png 722w, https:\/\/newsocialinitiative.org\/wp-content\/uploads\/2025\/06\/Screenshot-2025-06-23-at-20.33.24-768x1090.png 768w, https:\/\/newsocialinitiative.org\/wp-content\/uploads\/2025\/06\/Screenshot-2025-06-23-at-20.33.24-1083x1536.png 1083w\" sizes=\"(max-width: 1218px) 100vw, 1218px\" \/>\t\t\t\t\t\t<\/div>\r\n\t\t\t\t\t\t\t\t\t\t\t\t\t<div class=\"premium-blog-thumbnail-overlay\">\r\n\t\t\t\t\t\t\t\t<a class=\"elementor-icon\" href=\"https:\/\/newsocialinitiative.org\/sq\/zgjedhjet-lokale-ne-veriun-e-kosoves-bllokade-apo-ri-integrim\/\" target=\"_self\" aria-hidden=\"true\"><span>Zgjedhjet Lokale n\u00eb Veriun e Kosov\u00ebs: Bllokad\u00eb apo Ri-integrim?<\/span><\/a>\r\n\t\t\t\t\t\t\t<\/div>\r\n\t\t\t\t\t\t\t\t\t\t\t<\/div>\r\n\t\t\t\t\t\t\t\t\t\t\t\t<div class=\"premium-blog-content-wrapper \">\r\n\r\n\t\t\t\t\t<div class=\"premium-blog-inner-container\">\r\n\r\n\t\t\t\t\t\t\t\t\t\t\t\t\t\t<h2 class=\"premium-blog-entry-title\">\r\n\t\t\t<a href=\"https:\/\/newsocialinitiative.org\/sq\/zgjedhjet-lokale-ne-veriun-e-kosoves-bllokade-apo-ri-integrim\/\" target=\"_self\">\r\n\t\t\t\tZgjedhjet Lokale n\u00eb Veriun e Kosov\u00ebs: Bllokad\u00eb apo Ri-integrim?\t\t\t<\/a>\r\n\t\t<\/h2>\r\n\t\t\t\t<div class=\"premium-blog-entry-meta\">\r\n\t\t\t\r\n\t\t\t\r\n\t\t\t\r\n\t\t\t\t\t<\/div>\r\n\t\t\r\n\t\t\t\t\t<\/div>\r\n\r\n\t\t\t\t\t\t\t\t\t\t\r\n\t\t\t\t<\/div>\r\n\t\t\t<\/div>\r\n\t\t<\/div>\r\n\r\n\t\t\t\t<div class=\"premium-blog-post-outer-container\" data-total=\"9\">\r\n\t\t\t<div class=\"premium-blog-post-container premium-blog-skin-classic\">\r\n\t\t\t\t\t\t\t\t\t<div class=\"premium-blog-thumb-effect-wrapper\">\r\n\t\t\t\t\t\t<div class=\"premium-blog-thumbnail-container premium-blog-zoomin-effect\">\r\n\t\t\t\t\t\t\t<img decoding=\"async\" width=\"1204\" height=\"1685\" src=\"https:\/\/newsocialinitiative.org\/wp-content\/uploads\/2025\/05\/Cover-ALB.png\" class=\"attachment-full size-full wp-image-36317\" alt=\"\" srcset=\"https:\/\/newsocialinitiative.org\/wp-content\/uploads\/2025\/05\/Cover-ALB.png 1204w, https:\/\/newsocialinitiative.org\/wp-content\/uploads\/2025\/05\/Cover-ALB-214x300.png 214w, https:\/\/newsocialinitiative.org\/wp-content\/uploads\/2025\/05\/Cover-ALB-732x1024.png 732w, https:\/\/newsocialinitiative.org\/wp-content\/uploads\/2025\/05\/Cover-ALB-768x1075.png 768w, https:\/\/newsocialinitiative.org\/wp-content\/uploads\/2025\/05\/Cover-ALB-1098x1536.png 1098w\" sizes=\"(max-width: 1204px) 100vw, 1204px\" \/>\t\t\t\t\t\t<\/div>\r\n\t\t\t\t\t\t\t\t\t\t\t\t\t<div class=\"premium-blog-thumbnail-overlay\">\r\n\t\t\t\t\t\t\t\t<a class=\"elementor-icon\" href=\"https:\/\/newsocialinitiative.org\/sq\/reflektimet-e-komunitetit-ngaturnete-e-besimit-nderkomunitar\/\" target=\"_self\" aria-hidden=\"true\"><span>Reflektimet e Komunitetit ngaTurnet\u00eb e Besimit Nd\u00ebrkomunitar<\/span><\/a>\r\n\t\t\t\t\t\t\t<\/div>\r\n\t\t\t\t\t\t\t\t\t\t\t<\/div>\r\n\t\t\t\t\t\t\t\t\t\t\t\t<div class=\"premium-blog-content-wrapper \">\r\n\r\n\t\t\t\t\t<div class=\"premium-blog-inner-container\">\r\n\r\n\t\t\t\t\t\t\t\t\t\t\t\t\t\t<h2 class=\"premium-blog-entry-title\">\r\n\t\t\t<a href=\"https:\/\/newsocialinitiative.org\/sq\/reflektimet-e-komunitetit-ngaturnete-e-besimit-nderkomunitar\/\" target=\"_self\">\r\n\t\t\t\tReflektimet e Komunitetit ngaTurnet\u00eb e Besimit Nd\u00ebrkomunitar\t\t\t<\/a>\r\n\t\t<\/h2>\r\n\t\t\t\t<div class=\"premium-blog-entry-meta\">\r\n\t\t\t\r\n\t\t\t\r\n\t\t\t\r\n\t\t\t\t\t<\/div>\r\n\t\t\r\n\t\t\t\t\t<\/div>\r\n\r\n\t\t\t\t\t\t\t\t\t\t\r\n\t\t\t\t<\/div>\r\n\t\t\t<\/div>\r\n\t\t<\/div>\r\n\r\n\t\t\t\t<div class=\"premium-blog-post-outer-container\" data-total=\"9\">\r\n\t\t\t<div class=\"premium-blog-post-container premium-blog-skin-classic\">\r\n\t\t\t\t\t\t\t\t\t<div class=\"premium-blog-thumb-effect-wrapper\">\r\n\t\t\t\t\t\t<div class=\"premium-blog-thumbnail-container premium-blog-zoomin-effect\">\r\n\t\t\t\t\t\t\t<img decoding=\"async\" width=\"804\" height=\"1142\" src=\"https:\/\/newsocialinitiative.org\/wp-content\/uploads\/2025\/05\/Screenshot-2025-05-19-at-13.15.07.png\" class=\"attachment-full size-full wp-image-36233\" alt=\"\" srcset=\"https:\/\/newsocialinitiative.org\/wp-content\/uploads\/2025\/05\/Screenshot-2025-05-19-at-13.15.07.png 804w, https:\/\/newsocialinitiative.org\/wp-content\/uploads\/2025\/05\/Screenshot-2025-05-19-at-13.15.07-211x300.png 211w, https:\/\/newsocialinitiative.org\/wp-content\/uploads\/2025\/05\/Screenshot-2025-05-19-at-13.15.07-721x1024.png 721w, https:\/\/newsocialinitiative.org\/wp-content\/uploads\/2025\/05\/Screenshot-2025-05-19-at-13.15.07-768x1091.png 768w\" sizes=\"(max-width: 804px) 100vw, 804px\" \/>\t\t\t\t\t\t<\/div>\r\n\t\t\t\t\t\t\t\t\t\t\t\t\t<div class=\"premium-blog-thumbnail-overlay\">\r\n\t\t\t\t\t\t\t\t<a class=\"elementor-icon\" href=\"https:\/\/newsocialinitiative.org\/sq\/raporti-i-shoqerise-civile-per-te-drejtat-e-njeriut-ne-kosove-ne-vitin-2024\/\" target=\"_self\" aria-hidden=\"true\"><span>Raporti I Shoq\u00ebris\u00eb Civile P\u00ebr T\u00eb Drejtat E Njeriut N\u00eb Kosov\u00eb N\u00eb Vitin 2024<\/span><\/a>\r\n\t\t\t\t\t\t\t<\/div>\r\n\t\t\t\t\t\t\t\t\t\t\t<\/div>\r\n\t\t\t\t\t\t\t\t\t\t\t\t<div class=\"premium-blog-content-wrapper \">\r\n\r\n\t\t\t\t\t<div class=\"premium-blog-inner-container\">\r\n\r\n\t\t\t\t\t\t\t\t\t\t\t\t\t\t<h2 class=\"premium-blog-entry-title\">\r\n\t\t\t<a href=\"https:\/\/newsocialinitiative.org\/sq\/raporti-i-shoqerise-civile-per-te-drejtat-e-njeriut-ne-kosove-ne-vitin-2024\/\" target=\"_self\">\r\n\t\t\t\tRaporti I Shoq\u00ebris\u00eb Civile P\u00ebr T\u00eb Drejtat E Njeriut N\u00eb Kosov\u00eb N\u00eb Vitin 2024\t\t\t<\/a>\r\n\t\t<\/h2>\r\n\t\t\t\t<div class=\"premium-blog-entry-meta\">\r\n\t\t\t\r\n\t\t\t\r\n\t\t\t\r\n\t\t\t\t\t<\/div>\r\n\t\t\r\n\t\t\t\t\t<\/div>\r\n\r\n\t\t\t\t\t\t\t\t\t\t\r\n\t\t\t\t<\/div>\r\n\t\t\t<\/div>\r\n\t\t<\/div>\r\n\r\n\t\t\t\t<\/div>\r\n\r\n\t\t\t\t<div class=\"premium-blog-footer\">\r\n\t\t\t\t\t\t<nav class=\"premium-blog-pagination-container\" role=\"navigation\" aria-label=\"Pagination\">\r\n\t\t\t\t<span aria-current=\"page\" class=\"page-numbers current\">1<\/span>\n<a class=\"page-numbers\" href=\"https:\/\/newsocialinitiative.org\/sq\/wp-json\/wp\/v2\/pages\/24609\/page\/2\/\">2<\/a>\n<a class=\"page-numbers\" href=\"https:\/\/newsocialinitiative.org\/sq\/wp-json\/wp\/v2\/pages\/24609\/page\/3\/\">3<\/a>\n<span class=\"page-numbers dots\">&hellip;<\/span>\n<a class=\"page-numbers\" href=\"https:\/\/newsocialinitiative.org\/sq\/wp-json\/wp\/v2\/pages\/24609\/page\/5\/\">5<\/a>\n<a class=\"next page-numbers\" href=\"https:\/\/newsocialinitiative.org\/sq\/wp-json\/wp\/v2\/pages\/24609\/page\/2\/\">Next \u00bb<\/a>\t\t\t<\/nav>\r\n\t\t\t\t\t<\/div>\r\n\t\t\t\t\t<\/div>\n\t\t\t\t<\/div>\n\t\t\t\t\t<\/div>\n\t\t<\/div>\n\t\t\t\t\t\t\t<\/div>\n\t\t<\/section>\n\t\t\t\t\t\t\t<\/div>\n\t\t","protected":false},"excerpt":{"rendered":"<p>Civil Society Report on Human Rights in Kosovo in 2021 Kosovo Collective Report \u2013 Fostering societal peace through inter-ethnic dialogue in Kosovo Report: Women at negotiating table in Kosovo Kosovo Collective-WHAT HAPPENED TO KURTI\u2019S NEW APPROACH TO KOSOVO SERB INTEGRATION Civil society organizations in the&#8230;<\/p>\n","protected":false},"author":2,"featured_media":0,"parent":0,"menu_order":0,"comment_status":"closed","ping_status":"closed","template":"","meta":{"footnotes":"","_links_to":"","_links_to_target":""},"class_list":["post-24609","page","type-page","status-publish","hentry"],"acf":[],"_links":{"self":[{"href":"https:\/\/newsocialinitiative.org\/sq\/wp-json\/wp\/v2\/pages\/24609","targetHints":{"allow":["GET"]}}],"collection":[{"href":"https:\/\/newsocialinitiative.org\/sq\/wp-json\/wp\/v2\/pages"}],"about":[{"href":"https:\/\/newsocialinitiative.org\/sq\/wp-json\/wp\/v2\/types\/page"}],"author":[{"embeddable":true,"href":"https:\/\/newsocialinitiative.org\/sq\/wp-json\/wp\/v2\/users\/2"}],"replies":[{"embeddable":true,"href":"https:\/\/newsocialinitiative.org\/sq\/wp-json\/wp\/v2\/comments?post=24609"}],"version-history":[{"count":0,"href":"https:\/\/newsocialinitiative.org\/sq\/wp-json\/wp\/v2\/pages\/24609\/revisions"}],"wp:attachment":[{"href":"https:\/\/newsocialinitiative.org\/sq\/wp-json\/wp\/v2\/media?parent=24609"}],"curies":[{"name":"wp","href":"https:\/\/api.w.org\/{rel}","templated":true}]}}