{"id":24596,"date":"2022-03-22T20:57:10","date_gmt":"2022-03-22T19:57:10","guid":{"rendered":"https:\/\/newsocialinitiative.org\/infografiket\/"},"modified":"2022-05-25T13:51:57","modified_gmt":"2022-05-25T11:51:57","slug":"infografiket","status":"publish","type":"page","link":"https:\/\/newsocialinitiative.org\/sq\/infografiket\/","title":{"rendered":"Infografik\u00ebt"},"content":{"rendered":"\t\t<div data-elementor-type=\"wp-page\" data-elementor-id=\"24596\" class=\"elementor elementor-24596 elementor-20455\">\n\t\t\t\t\t\t\t\t\t<section data-pa-eq-height=\"{&quot;targetType&quot;:&quot;widget&quot;,&quot;target&quot;:&quot;&quot;,&quot;enableOn&quot;:[&quot;desktop&quot;,&quot;tablet&quot;,&quot;mobile&quot;,&quot;widescreen&quot;,&quot;laptop&quot;,&quot;tablet_extra&quot;,&quot;mobile_extra&quot;]}\" class=\"elementor-section elementor-top-section elementor-element elementor-element-67760b2 premium-equal-height-yes elementor-section-full_width elementor-section-height-default elementor-section-height-default exad-glass-effect-no exad-sticky-section-no edgtf-elementor-container-no edgtf-section edgtf-parallax-section-holder-touch-disabled edgtf-parallax-section-no\" data-id=\"67760b2\" data-element_type=\"section\" data-settings=\"{&quot;premium_eq_height_switcher&quot;:&quot;yes&quot;}\">\n\t\t\t\t\t\t<div class=\"elementor-container elementor-column-gap-default\">\n\t\t\t\t\t<div class=\"elementor-column elementor-col-100 elementor-top-column elementor-element elementor-element-781c0be exad-glass-effect-no exad-sticky-section-no\" data-id=\"781c0be\" data-element_type=\"column\">\n\t\t\t<div class=\"elementor-widget-wrap elementor-element-populated\">\n\t\t\t\t\t\t\t\t<div class=\"elementor-element elementor-element-e664979 e-transform elementor-widget__width-inherit premium-blog-align-left exad-sticky-section-no exad-glass-effect-no elementor-widget elementor-widget-premium-addon-blog\" data-id=\"e664979\" data-element_type=\"widget\" data-settings=\"{&quot;premium_blog_columns_number&quot;:&quot;33.33%&quot;,&quot;force_height&quot;:&quot;true&quot;,&quot;premium_blog_grid&quot;:&quot;yes&quot;,&quot;premium_blog_layout&quot;:&quot;even&quot;,&quot;premium_blog_columns_number_tablet&quot;:&quot;50%&quot;,&quot;premium_blog_columns_number_mobile&quot;:&quot;100%&quot;,&quot;scroll_to_offset&quot;:&quot;yes&quot;,&quot;_transform_rotateZ_effect_hover&quot;:{&quot;unit&quot;:&quot;px&quot;,&quot;size&quot;:&quot;&quot;,&quot;sizes&quot;:[]},&quot;_transform_rotateZ_effect_hover_laptop&quot;:{&quot;unit&quot;:&quot;deg&quot;,&quot;size&quot;:&quot;&quot;,&quot;sizes&quot;:[]},&quot;_transform_rotateZ_effect_hover_tablet&quot;:{&quot;unit&quot;:&quot;deg&quot;,&quot;size&quot;:&quot;&quot;,&quot;sizes&quot;:[]},&quot;_transform_rotateZ_effect_hover_mobile_extra&quot;:{&quot;unit&quot;:&quot;deg&quot;,&quot;size&quot;:&quot;&quot;,&quot;sizes&quot;:[]},&quot;_transform_rotateZ_effect_hover_mobile&quot;:{&quot;unit&quot;:&quot;deg&quot;,&quot;size&quot;:&quot;&quot;,&quot;sizes&quot;:[]}}\" data-widget_type=\"premium-addon-blog.default\">\n\t\t\t\t<div class=\"elementor-widget-container\">\n\t\t\t\r\n\t\t\t\t<div class=\"premium-blog-wrap  premium-blog-even\" data-page=\"24596\">\r\n\t\t\t\t\t<div class=\"premium-blog-post-outer-container\" data-total=\"1\">\r\n\t\t\t<div class=\"premium-blog-post-container premium-blog-skin-classic\">\r\n\t\t\t\t\t\t\t\t\t<div class=\"premium-blog-thumb-effect-wrapper\">\r\n\t\t\t\t\t\t<div class=\"premium-blog-thumbnail-container premium-blog-zoomin-effect\">\r\n\t\t\t\t\t\t\t<img decoding=\"async\" width=\"581\" height=\"794\" src=\"https:\/\/newsocialinitiative.org\/wp-content\/uploads\/2022\/03\/11_Partite_Politike_ALB-1.jpg\" class=\"attachment-full size-full wp-image-26229\" alt=\"\" srcset=\"https:\/\/newsocialinitiative.org\/wp-content\/uploads\/2022\/03\/11_Partite_Politike_ALB-1.jpg 581w, https:\/\/newsocialinitiative.org\/wp-content\/uploads\/2022\/03\/11_Partite_Politike_ALB-1-220x300.jpg 220w\" sizes=\"(max-width: 581px) 100vw, 581px\" \/>\t\t\t\t\t\t<\/div>\r\n\t\t\t\t\t\t\t\t\t\t\t\t\t<div class=\"premium-blog-thumbnail-overlay\">\r\n\t\t\t\t\t\t\t\t<a class=\"elementor-icon\" href=\"https:\/\/newsocialinitiative.org\/sq\/infographic\/partite-politike-te-serbeve-te-kosoves\/\" target=\"_self\" aria-hidden=\"true\"><span>Partit\u00eb politike t\u00eb serbeve t\u00eb Kosov\u00ebs<\/span><\/a>\r\n\t\t\t\t\t\t\t<\/div>\r\n\t\t\t\t\t\t\t\t\t\t\t<\/div>\r\n\t\t\t\t\t\t\t\t\t\t\t\t<div class=\"premium-blog-content-wrapper \">\r\n\r\n\t\t\t\t\t<div class=\"premium-blog-inner-container\">\r\n\r\n\t\t\t\t\t\t\t\t\t\t\t\t\t\t<h2 class=\"premium-blog-entry-title\">\r\n\t\t\t<a href=\"https:\/\/newsocialinitiative.org\/sq\/infographic\/partite-politike-te-serbeve-te-kosoves\/\" target=\"_self\">\r\n\t\t\t\tPartit\u00eb politike t\u00eb serbeve t\u00eb Kosov\u00ebs\t\t\t<\/a>\r\n\t\t<\/h2>\r\n\t\t\t\t<div class=\"premium-blog-entry-meta\">\r\n\t\t\t\r\n\t\t\t\r\n\t\t\t\r\n\t\t\t\t\t<\/div>\r\n\t\t\r\n\t\t\t\t\t<\/div>\r\n\r\n\t\t\t\t\t\t\t<div class=\"premium-blob-content-inner-wrapper\">\r\n\t\t<p class=\"premium-blog-post-content\">This\u00a0infographic\u00a0is a part of \u201dDemocracy, Openness and Prospects of the Serb Community in Kosovo \u2013 Open\u201d a initiative of the Kosovo Foundation for Open Society (KFOS), initiated in 2020. Open was realized in cooperation with nine civil-society organizations that are active in the Serb community in Kosovo.<\/p>\t\t <\/div>\r\n\t\t \t\t\t\t\t\r\n\t\t\t\t<\/div>\r\n\t\t\t<\/div>\r\n\t\t<\/div>\r\n\r\n\t\t\t\t<div class=\"premium-blog-post-outer-container\" data-total=\"1\">\r\n\t\t\t<div class=\"premium-blog-post-container premium-blog-skin-classic\">\r\n\t\t\t\t\t\t\t\t\t<div class=\"premium-blog-thumb-effect-wrapper\">\r\n\t\t\t\t\t\t<div class=\"premium-blog-thumbnail-container premium-blog-zoomin-effect\">\r\n\t\t\t\t\t\t\t<img decoding=\"async\" width=\"581\" height=\"794\" src=\"https:\/\/newsocialinitiative.org\/wp-content\/uploads\/2022\/03\/10_Shoqeria_Civile_ALB.jpg\" class=\"attachment-full size-full wp-image-26225\" alt=\"\" srcset=\"https:\/\/newsocialinitiative.org\/wp-content\/uploads\/2022\/03\/10_Shoqeria_Civile_ALB.jpg 581w, https:\/\/newsocialinitiative.org\/wp-content\/uploads\/2022\/03\/10_Shoqeria_Civile_ALB-220x300.jpg 220w\" sizes=\"(max-width: 581px) 100vw, 581px\" \/>\t\t\t\t\t\t<\/div>\r\n\t\t\t\t\t\t\t\t\t\t\t\t\t<div class=\"premium-blog-thumbnail-overlay\">\r\n\t\t\t\t\t\t\t\t<a class=\"elementor-icon\" href=\"https:\/\/newsocialinitiative.org\/sq\/infographic\/shoqeria-civile\/\" target=\"_self\" aria-hidden=\"true\"><span>Shoq\u00ebria civile<\/span><\/a>\r\n\t\t\t\t\t\t\t<\/div>\r\n\t\t\t\t\t\t\t\t\t\t\t<\/div>\r\n\t\t\t\t\t\t\t\t\t\t\t\t<div class=\"premium-blog-content-wrapper \">\r\n\r\n\t\t\t\t\t<div class=\"premium-blog-inner-container\">\r\n\r\n\t\t\t\t\t\t\t\t\t\t\t\t\t\t<h2 class=\"premium-blog-entry-title\">\r\n\t\t\t<a href=\"https:\/\/newsocialinitiative.org\/sq\/infographic\/shoqeria-civile\/\" target=\"_self\">\r\n\t\t\t\tShoq\u00ebria civile\t\t\t<\/a>\r\n\t\t<\/h2>\r\n\t\t\t\t<div class=\"premium-blog-entry-meta\">\r\n\t\t\t\r\n\t\t\t\r\n\t\t\t\r\n\t\t\t\t\t<\/div>\r\n\t\t\r\n\t\t\t\t\t<\/div>\r\n\r\n\t\t\t\t\t\t\t<div class=\"premium-blob-content-inner-wrapper\">\r\n\t\t<p class=\"premium-blog-post-content\">Ky infograf \u00ebsht\u00eb realizuar n\u00eb kuad\u00ebr t\u00eb projektit OPEN t\u00eb implementuar nga Fondacioni i Kosov\u00ebs p\u00ebr Shoq\u00ebri t\u00eb Hapur (KFOS) n\u00eb bashk\u00ebpunim me organizatat Iniciativa e Re Sociale dhe Forumi p\u00ebr Zhvillim dhe Bashk\u00ebpunim Multietnik.<\/p>\t\t <\/div>\r\n\t\t \t\t\t\t\t\r\n\t\t\t\t<\/div>\r\n\t\t\t<\/div>\r\n\t\t<\/div>\r\n\r\n\t\t\t\t<\/div>\r\n\r\n\t\t\t\t<\/div>\n\t\t\t\t<\/div>\n\t\t\t\t\t<\/div>\n\t\t<\/div>\n\t\t\t\t\t\t\t<\/div>\n\t\t<\/section>\n\t\t\t\t\t\t\t<\/div>\n\t\t","protected":false},"excerpt":{"rendered":"<p>Political parties of Kosovo Serbs This\u00a0infographic\u00a0is a part of \u201dDemocracy, Openness and Prospects of the Serb Community in Kosovo \u2013 Open\u201d a initiative of the Kosovo Foundation for Open Society (KFOS), initiated in 2020. Open was realized in cooperation with nine civil-society organizations that are&#8230;<\/p>\n","protected":false},"author":2,"featured_media":0,"parent":0,"menu_order":0,"comment_status":"closed","ping_status":"closed","template":"","meta":{"footnotes":"","_links_to":"","_links_to_target":""},"class_list":["post-24596","page","type-page","status-publish","hentry"],"acf":[],"_links":{"self":[{"href":"https:\/\/newsocialinitiative.org\/sq\/wp-json\/wp\/v2\/pages\/24596","targetHints":{"allow":["GET"]}}],"collection":[{"href":"https:\/\/newsocialinitiative.org\/sq\/wp-json\/wp\/v2\/pages"}],"about":[{"href":"https:\/\/newsocialinitiative.org\/sq\/wp-json\/wp\/v2\/types\/page"}],"author":[{"embeddable":true,"href":"https:\/\/newsocialinitiative.org\/sq\/wp-json\/wp\/v2\/users\/2"}],"replies":[{"embeddable":true,"href":"https:\/\/newsocialinitiative.org\/sq\/wp-json\/wp\/v2\/comments?post=24596"}],"version-history":[{"count":0,"href":"https:\/\/newsocialinitiative.org\/sq\/wp-json\/wp\/v2\/pages\/24596\/revisions"}],"wp:attachment":[{"href":"https:\/\/newsocialinitiative.org\/sq\/wp-json\/wp\/v2\/media?parent=24596"}],"curies":[{"name":"wp","href":"https:\/\/api.w.org\/{rel}","templated":true}]}}