{"id":24594,"date":"2022-04-04T10:32:42","date_gmt":"2022-04-04T08:32:42","guid":{"rendered":"https:\/\/newsocialinitiative.org\/fushat-e-punes\/"},"modified":"2022-10-25T10:31:34","modified_gmt":"2022-10-25T08:31:34","slug":"fushat-e-punes","status":"publish","type":"page","link":"http:\/\/newsocialinitiative.org\/sq\/fushat-e-punes\/","title":{"rendered":"Fushat e pun\u00ebs"},"content":{"rendered":"\t\t<div data-elementor-type=\"wp-page\" data-elementor-id=\"24594\" class=\"elementor elementor-24594 elementor-21107\">\n\t\t\t\t\t\t\t\t\t<section class=\"elementor-section elementor-top-section elementor-element elementor-element-cdb4317 elementor-section-full_width elementor-section-height-default elementor-section-height-default exad-glass-effect-no exad-sticky-section-no edgtf-elementor-container-no edgtf-section edgtf-parallax-section-holder-touch-disabled edgtf-parallax-section-no\" data-id=\"cdb4317\" data-element_type=\"section\" data-settings=\"{&quot;background_background&quot;:&quot;classic&quot;}\">\n\t\t\t\t\t\t<div class=\"elementor-container elementor-column-gap-default\">\n\t\t\t\t\t<div class=\"elementor-column elementor-col-50 elementor-top-column elementor-element elementor-element-76dd0b5 exad-glass-effect-no exad-sticky-section-no\" data-id=\"76dd0b5\" data-element_type=\"column\">\n\t\t\t<div class=\"elementor-widget-wrap elementor-element-populated\">\n\t\t\t\t\t\t\t\t<div class=\"elementor-element elementor-element-e683419 exad-sticky-section-no exad-glass-effect-no elementor-widget elementor-widget-heading\" data-id=\"e683419\" data-element_type=\"widget\" data-widget_type=\"heading.default\">\n\t\t\t\t<div class=\"elementor-widget-container\">\n\t\t\t<style>\/*! elementor - v3.17.0 - 08-11-2023 *\/\n.elementor-heading-title{padding:0;margin:0;line-height:1}.elementor-widget-heading .elementor-heading-title[class*=elementor-size-]>a{color:inherit;font-size:inherit;line-height:inherit}.elementor-widget-heading .elementor-heading-title.elementor-size-small{font-size:15px}.elementor-widget-heading .elementor-heading-title.elementor-size-medium{font-size:19px}.elementor-widget-heading .elementor-heading-title.elementor-size-large{font-size:29px}.elementor-widget-heading .elementor-heading-title.elementor-size-xl{font-size:39px}.elementor-widget-heading .elementor-heading-title.elementor-size-xxl{font-size:59px}<\/style><h2 class=\"elementor-heading-title elementor-size-default\">NSI kontribuon n\u00eb normalizimin e marr\u00ebdh\u00ebnieve midis Beogradit dhe Prishtin\u00ebs\n<\/h2>\t\t<\/div>\n\t\t\t\t<\/div>\n\t\t\t\t<div class=\"elementor-element elementor-element-6ae0aba exad-sticky-section-no exad-glass-effect-no elementor-widget elementor-widget-image\" data-id=\"6ae0aba\" data-element_type=\"widget\" data-widget_type=\"image.default\">\n\t\t\t\t<div class=\"elementor-widget-container\">\n\t\t\t<style>\/*! elementor - v3.17.0 - 08-11-2023 *\/\n.elementor-widget-image{text-align:center}.elementor-widget-image a{display:inline-block}.elementor-widget-image a img[src$=\".svg\"]{width:48px}.elementor-widget-image img{vertical-align:middle;display:inline-block}<\/style>\t\t\t\t\t\t\t\t\t\t\t\t<img decoding=\"async\" width=\"1024\" height=\"512\" src=\"http:\/\/newsocialinitiative.org\/wp-content\/uploads\/2022\/04\/Normalization-of-relations.jpg\" class=\"attachment-large size-large wp-image-23885\" alt=\"\" \/>\t\t\t\t\t\t\t\t\t\t\t\t\t\t\t<\/div>\n\t\t\t\t<\/div>\n\t\t\t\t<div class=\"elementor-element elementor-element-715b264 exad-sticky-section-no exad-glass-effect-no elementor-widget elementor-widget-text-editor\" data-id=\"715b264\" data-element_type=\"widget\" data-widget_type=\"text-editor.default\">\n\t\t\t\t<div class=\"elementor-widget-container\">\n\t\t\t<style>\/*! elementor - v3.17.0 - 08-11-2023 *\/\n.elementor-widget-text-editor.elementor-drop-cap-view-stacked .elementor-drop-cap{background-color:#69727d;color:#fff}.elementor-widget-text-editor.elementor-drop-cap-view-framed .elementor-drop-cap{color:#69727d;border:3px solid;background-color:transparent}.elementor-widget-text-editor:not(.elementor-drop-cap-view-default) .elementor-drop-cap{margin-top:8px}.elementor-widget-text-editor:not(.elementor-drop-cap-view-default) .elementor-drop-cap-letter{width:1em;height:1em}.elementor-widget-text-editor .elementor-drop-cap{float:left;text-align:center;line-height:1;font-size:50px}.elementor-widget-text-editor .elementor-drop-cap-letter{display:inline-block}<\/style>\t\t\t\t<p>Beograd \u2013 Prishtin\u00eb; Foto: EPA \/ Valdrin Xhemaj<\/p>\t\t\t\t\t\t<\/div>\n\t\t\t\t<\/div>\n\t\t\t\t\t<\/div>\n\t\t<\/div>\n\t\t\t\t<div class=\"elementor-column elementor-col-50 elementor-top-column elementor-element elementor-element-6377948 exad-glass-effect-no exad-sticky-section-no\" data-id=\"6377948\" data-element_type=\"column\" data-settings=\"{&quot;background_background&quot;:&quot;classic&quot;}\">\n\t\t\t<div class=\"elementor-widget-wrap elementor-element-populated\">\n\t\t\t\t\t\t\t\t<div class=\"elementor-element elementor-element-0d016d4 exad-sticky-section-no exad-glass-effect-no elementor-widget elementor-widget-text-editor\" data-id=\"0d016d4\" data-element_type=\"widget\" data-widget_type=\"text-editor.default\">\n\t\t\t\t<div class=\"elementor-widget-container\">\n\t\t\t\t\t\t\t<p>NSI leht\u00ebson shk\u00ebmbimin e hapur p\u00ebr dialogun dhe procesin e normalizimit t\u00eb Brukselit midis vendimmarr\u00ebsve nga shoq\u00ebria civile nga Kosova dhe Serbia. P\u00ebr m\u00eb tep\u00ebr, NSI ofron analiza dhe rekomandime t\u00eb pavarura t\u00eb bazuara n\u00eb prova p\u00ebr vendimmarr\u00ebsit e p\u00ebrfshir\u00eb n\u00eb proces.<\/p><p>Supozimet kryesore:<\/p><p>\u2013\u00a0 Ekziston nj\u00eb nevoj\u00eb p\u00ebr nxitjen e nj\u00eb dialogu t\u00eb rregullt t\u00eb thelluar midis aktor\u00ebve t\u00eb shoq\u00ebris\u00eb civile t\u00eb angazhuar n\u00eb normalizimin e marr\u00ebdh\u00ebnieve nga t\u00eb dy pal\u00ebt, n\u00eb m\u00ebnyr\u00eb q\u00eb t\u00eb jemi n\u00eb gjendje t\u00eb propozojm\u00eb p\u00ebrmir\u00ebsime n\u00eb dialogun e Udh\u00ebs I midis zyrtar\u00ebve bazuar n\u00eb nj\u00eb kuptim t\u00eb thell\u00eb t\u00eb dinamikat dhe ndjenjat politike nga t\u00eb dy pal\u00ebt dhe NSI \u00ebsht\u00eb i pozicionuar mir\u00eb p\u00ebr t\u00eb leht\u00ebsuar nj\u00eb dialog t\u00eb till\u00eb.<\/p><p>\u2013\u00a0 NSI do t\u00eb p\u00ebrfaq\u00ebsoj\u00eb dhe p\u00ebrfshij\u00eb p\u00ebrfaq\u00ebsues t\u00eb ndrysh\u00ebm t\u00eb komunitetit serb t\u00eb Kosov\u00ebs n\u00eb dialogun nd\u00ebrmjet aktor\u00ebve t\u00eb shoq\u00ebris\u00eb civile nga an\u00ebt e ndryshme, i cili do t\u00eb shtoj\u00eb z\u00ebra dhe perspektiva t\u00eb r\u00ebnd\u00ebsishme n\u00eb proces.<\/p><p>\u2013 NSI \u00ebsht\u00eb e aft\u00eb t\u00eb ofroj\u00eb analiza me cil\u00ebsi t\u00eb lart\u00eb duke p\u00ebrdorur provat e mbledhura p\u00ebrmes hulumtimeve cil\u00ebsore dhe sasiore, dhe t\u00eb prodhoj\u00eb rekomandime p\u00ebr t\u00eb cilat NSI \u00ebsht\u00eb n\u00eb gjendje t\u00eb mbroj\u00eb me vendimmarr\u00ebsit.<\/p><p>P\u00ebr t\u00eb par\u00eb projektet q\u00eb ne jemi duke zbatuar ose kemi zbatuar n\u00eb fush\u00ebn e Normalizimit t\u00eb marr\u00ebdh\u00ebnieve \/ Dialogut, shihni List\u00ebn ton\u00eb t\u00eb\u00a0<a href=\"https:\/\/newsocialinitiative.org\/references\/\">Referenc\u00ebs.<\/a><\/p>\t\t\t\t\t\t<\/div>\n\t\t\t\t<\/div>\n\t\t\t\t\t<\/div>\n\t\t<\/div>\n\t\t\t\t\t\t\t<\/div>\n\t\t<\/section>\n\t\t\t\t<section class=\"elementor-section elementor-top-section elementor-element elementor-element-b792dad elementor-section-full_width elementor-section-height-default elementor-section-height-default exad-glass-effect-no exad-sticky-section-no edgtf-elementor-container-no edgtf-section edgtf-parallax-section-holder-touch-disabled edgtf-parallax-section-no\" data-id=\"b792dad\" data-element_type=\"section\" data-settings=\"{&quot;background_background&quot;:&quot;classic&quot;}\">\n\t\t\t\t\t\t<div class=\"elementor-container elementor-column-gap-default\">\n\t\t\t\t\t<div class=\"elementor-column elementor-col-50 elementor-top-column elementor-element elementor-element-c850624 exad-glass-effect-no exad-sticky-section-no\" data-id=\"c850624\" data-element_type=\"column\">\n\t\t\t<div class=\"elementor-widget-wrap elementor-element-populated\">\n\t\t\t\t\t\t\t\t<div class=\"elementor-element elementor-element-7982b6b exad-sticky-section-no exad-glass-effect-no elementor-widget elementor-widget-heading\" data-id=\"7982b6b\" data-element_type=\"widget\" data-widget_type=\"heading.default\">\n\t\t\t\t<div class=\"elementor-widget-container\">\n\t\t\t<h2 class=\"elementor-heading-title elementor-size-default\">Ndertimi i besimit dhe ballafaqimi me te kaluaren\n\n<\/h2>\t\t<\/div>\n\t\t\t\t<\/div>\n\t\t\t\t<div class=\"elementor-element elementor-element-c37ce2f exad-sticky-section-no exad-glass-effect-no elementor-widget elementor-widget-heading\" data-id=\"c37ce2f\" data-element_type=\"widget\" data-widget_type=\"heading.default\">\n\t\t\t\t<div class=\"elementor-widget-container\">\n\t\t\t<h2 class=\"elementor-heading-title elementor-size-default\">Iniciativa e Re Sociale mb\u00ebshtet qasje t\u00eb ndryshme p\u00ebr nismat e Nd\u00ebrtimit t\u00eb Besimit dhe Ballafaqimit me t\u00eb kaluar\u00ebn midis komuniteteve\n\n<\/h2>\t\t<\/div>\n\t\t\t\t<\/div>\n\t\t\t\t<div class=\"elementor-element elementor-element-3bdc22a exad-sticky-section-no exad-glass-effect-no elementor-widget elementor-widget-text-editor\" data-id=\"3bdc22a\" data-element_type=\"widget\" data-widget_type=\"text-editor.default\">\n\t\t\t\t<div class=\"elementor-widget-container\">\n\t\t\t\t\t\t\t<p style=\"font-weight: 400;\">Iniciativa e Re Sociale synon te arrije disa rezultate per te permbushur kete qellim:\u00a0<\/p><p style=\"font-weight: 400;\">&#8211; NSI do te jete kanali i tregimeve pozitive mbi maredheniet nderetnike dhe arritjen e nje publiku me te gjere duke ofruar mjete inovative te komunikimit per influencuesit vizual dhe te ceshtjeve publike (YouTubers, Instagramers, TikTokers, Gazetar\u00ebt, Profesionist\u00ebt dhe OSHC-t\u00eb);\u00a0<\/p><p style=\"font-weight: 400;\">&#8211;<span style=\"color: var( --e-global-color-text ); text-align: var(--bs-body-text-align);\">NSI do t\u00eb jet\u00eb thirr\u00ebsi dhe leht\u00ebsues p\u00ebr shk\u00ebmbimin e strukturuar t\u00eb q\u00ebndrimeve dhe opinioneve, duke mb\u00ebshtetur k\u00ebshtu nd\u00ebrtimin e besimit dhe bashk\u00ebpunimin nd\u00ebrmjet OSHC-ve q\u00eb flasin n\u00eb em\u00ebr t\u00eb grupeve t\u00eb ndryshme etnike n\u00eb Kosov\u00eb;\u00a0<\/span><\/p><p style=\"font-weight: 400;\"><span style=\"color: var( --e-global-color-text ); text-align: var(--bs-body-text-align);\">\u2013 NSI do t\u00eb mbledh\u00eb dhe p\u00ebrhap\u00eb kund\u00ebr-narrativa dhe histori pozitive, duke krijuar k\u00ebshtu hap\u00ebsir\u00eb p\u00ebr shk\u00ebmbim dhe dialog duke u partnerizuar me mediat dhe mediat digjitale n\u00eb mbar\u00eb Kosov\u00ebn.\u00a0<\/span><\/p><p style=\"font-weight: 400;\"><span style=\"color: var( --e-global-color-text ); text-align: var(--bs-body-text-align);\">Supozimet kryesore:\u00a0<\/span><\/p><p style=\"font-weight: 400;\"><span style=\"color: var( --e-global-color-text ); text-align: var(--bs-body-text-align);\">\u2013 Zgjidhjet e reja inovative p\u00ebr nd\u00ebrtimin e besimit do t\u00eb rezonojn\u00eb m\u00eb mir\u00eb me qytetar\u00ebt, ve\u00e7an\u00ebrisht me t\u00eb rinjt\u00eb, dhe korniza pozitive e marr\u00ebdh\u00ebnieve nd\u00ebretnike mund t\u00eb zvog\u00ebloj fuqin\u00eb dhe ndikimin keqdash\u00ebs t\u00eb narrativave negative n\u00eb t\u00eb cilat ata jan\u00eb socializuar;<\/span><\/p>\t\t\t\t\t\t<\/div>\n\t\t\t\t<\/div>\n\t\t\t\t\t<\/div>\n\t\t<\/div>\n\t\t\t\t<div class=\"elementor-column elementor-col-50 elementor-top-column elementor-element elementor-element-6f239ed exad-glass-effect-no exad-sticky-section-no\" data-id=\"6f239ed\" data-element_type=\"column\">\n\t\t\t<div class=\"elementor-widget-wrap elementor-element-populated\">\n\t\t\t\t\t\t\t\t<div class=\"elementor-element elementor-element-96f0c3c exad-sticky-section-no exad-glass-effect-no elementor-widget elementor-widget-image\" data-id=\"96f0c3c\" data-element_type=\"widget\" data-widget_type=\"image.default\">\n\t\t\t\t<div class=\"elementor-widget-container\">\n\t\t\t\t\t\t\t\t\t\t\t\t\t\t\t<img decoding=\"async\" width=\"990\" height=\"556\" src=\"http:\/\/newsocialinitiative.org\/wp-content\/uploads\/2022\/04\/Trustbuilding-and-Dealing-with-the-Past.jpg\" class=\"attachment-large size-large wp-image-23887\" alt=\"\" \/>\t\t\t\t\t\t\t\t\t\t\t\t\t\t\t<\/div>\n\t\t\t\t<\/div>\n\t\t\t\t<div class=\"elementor-element elementor-element-0a23916 exad-sticky-section-no exad-glass-effect-no elementor-widget elementor-widget-text-editor\" data-id=\"0a23916\" data-element_type=\"widget\" data-widget_type=\"text-editor.default\">\n\t\t\t\t<div class=\"elementor-widget-container\">\n\t\t\t\t\t\t\t<p>Foto: Emerging Europej<\/p>\t\t\t\t\t\t<\/div>\n\t\t\t\t<\/div>\n\t\t\t\t<div class=\"elementor-element elementor-element-239b2fe exad-sticky-section-no exad-glass-effect-no elementor-widget elementor-widget-text-editor\" data-id=\"239b2fe\" data-element_type=\"widget\" data-widget_type=\"text-editor.default\">\n\t\t\t\t<div class=\"elementor-widget-container\">\n\t\t\t\t\t\t\t<p>&#8211;&#8220;Xhepat e liris\u00eb&#8221; ose forumet, t\u00eb cilat heqin kufizimet e publicitetit, do t\u00eb forcojn\u00eb lidhjet midis OSHC-ve nga komunitete t\u00eb ndryshme, duke rritur k\u00ebshtu besimin midis tyre dhe duke i lejuar ata t\u00eb krijojn\u00eb koalicione m\u00eb t\u00eb forta p\u00ebr tema t\u00eb r\u00ebnd\u00ebsishme shoq\u00ebrore, ve\u00e7an\u00ebrisht ato q\u00eb lidhen me p\u00ebrfshirjen e komuniteteve joshumic\u00eb; \u2013 Angazhimi i audiencave t\u00eb ndryshme me narrativa t\u00eb kund\u00ebrta p\u00ebr t\u00eb nj\u00ebjt\u00ebn tem\u00eb do t\u00eb zbus\u00eb stereotipet e rr\u00ebnjosura p\u00ebr komunitetet \u201ctjera\u201d dhe do t\u00eb adresoj\u00eb ankesat nga e kaluara, gjithashtu do t\u00eb p\u00ebrgadis terrenin p\u00ebr nd\u00ebrtimin e besimit.<\/p><p>P\u00ebr t\u00eb par\u00eb projektet q\u00eb po zbatojm\u00eb ose kemi zbatuar n\u00eb fush\u00ebn e DwP\/nd\u00ebrtimit t\u00eb besimit, shihni List\u00ebn ton\u00eb t\u00eb <a href=\"https:\/\/newsocialinitiative.org\/references\/\">Referenc\u00ebs.<\/a><\/p>\t\t\t\t\t\t<\/div>\n\t\t\t\t<\/div>\n\t\t\t\t\t<\/div>\n\t\t<\/div>\n\t\t\t\t\t\t\t<\/div>\n\t\t<\/section>\n\t\t\t\t<section class=\"elementor-section elementor-top-section elementor-element elementor-element-25192bf elementor-section-full_width elementor-section-height-default elementor-section-height-default exad-glass-effect-no exad-sticky-section-no edgtf-elementor-container-no edgtf-section edgtf-parallax-section-holder-touch-disabled edgtf-parallax-section-no\" data-id=\"25192bf\" data-element_type=\"section\">\n\t\t\t\t\t\t<div class=\"elementor-container elementor-column-gap-default\">\n\t\t\t\t\t<div class=\"elementor-column elementor-col-50 elementor-top-column elementor-element elementor-element-438a554 exad-glass-effect-no exad-sticky-section-no\" data-id=\"438a554\" data-element_type=\"column\">\n\t\t\t<div class=\"elementor-widget-wrap elementor-element-populated\">\n\t\t\t\t\t\t\t\t<div class=\"elementor-element elementor-element-1a01e64 exad-sticky-section-no exad-glass-effect-no elementor-widget elementor-widget-heading\" data-id=\"1a01e64\" data-element_type=\"widget\" data-widget_type=\"heading.default\">\n\t\t\t\t<div class=\"elementor-widget-container\">\n\t\t\t<h2 class=\"elementor-heading-title elementor-size-default\"><p>Pjes\u00ebmarrja qytetare<span style=\"text-align: var(--bs-body-text-align);\"><\/span><\/p><\/h2>\t\t<\/div>\n\t\t\t\t<\/div>\n\t\t\t\t<div class=\"elementor-element elementor-element-7daa95e exad-sticky-section-no exad-glass-effect-no elementor-widget elementor-widget-heading\" data-id=\"7daa95e\" data-element_type=\"widget\" data-widget_type=\"heading.default\">\n\t\t\t\t<div class=\"elementor-widget-container\">\n\t\t\t<h2 class=\"elementor-heading-title elementor-size-default\"><p>NSI po punon p\u00ebr rritjen e pjes\u00ebmarrjes s\u00eb jo-shumic\u00ebs n\u00eb proceset vendimmarr\u00ebse me q\u00ebllim q\u00eb t\u00eb ket\u00eb sh\u00ebrbime m\u00eb t\u00eb mira dhe t'i b\u00ebj\u00eb\ninstitucionet m\u00eb t\u00eb p\u00ebrgjegjshme.<span style=\"text-align: var(--bs-body-text-align);\"><\/span><\/p><\/h2>\t\t<\/div>\n\t\t\t\t<\/div>\n\t\t\t\t<div class=\"elementor-element elementor-element-23bcfde exad-sticky-section-no exad-glass-effect-no elementor-widget elementor-widget-image\" data-id=\"23bcfde\" data-element_type=\"widget\" data-widget_type=\"image.default\">\n\t\t\t\t<div class=\"elementor-widget-container\">\n\t\t\t\t\t\t\t\t\t\t\t\t\t\t\t<img decoding=\"async\" width=\"1024\" height=\"576\" src=\"http:\/\/newsocialinitiative.org\/wp-content\/uploads\/2022\/04\/Citizen-participation.jpeg\" class=\"attachment-large size-large wp-image-23889\" alt=\"\" \/>\t\t\t\t\t\t\t\t\t\t\t\t\t\t\t<\/div>\n\t\t\t\t<\/div>\n\t\t\t\t<div class=\"elementor-element elementor-element-13ffb93 exad-sticky-section-no exad-glass-effect-no elementor-widget elementor-widget-text-editor\" data-id=\"13ffb93\" data-element_type=\"widget\" data-widget_type=\"text-editor.default\">\n\t\t\t\t<div class=\"elementor-widget-container\">\n\t\t\t\t\t\t\t<p>Burimi: Fotoarkivi i NSI<\/p>\t\t\t\t\t\t<\/div>\n\t\t\t\t<\/div>\n\t\t\t\t\t<\/div>\n\t\t<\/div>\n\t\t\t\t<div class=\"elementor-column elementor-col-50 elementor-top-column elementor-element elementor-element-bd2412f exad-glass-effect-no exad-sticky-section-no\" data-id=\"bd2412f\" data-element_type=\"column\">\n\t\t\t<div class=\"elementor-widget-wrap elementor-element-populated\">\n\t\t\t\t\t\t\t\t<div class=\"elementor-element elementor-element-408d6d1 exad-sticky-section-no exad-glass-effect-no elementor-widget elementor-widget-text-editor\" data-id=\"408d6d1\" data-element_type=\"widget\" data-widget_type=\"text-editor.default\">\n\t\t\t\t<div class=\"elementor-widget-container\">\n\t\t\t\t\t\t\t<p><span style=\"color: var( --e-global-color-text ); text-align: var(--bs-body-text-align);\">NSI punon p\u00ebr t\u00eb arritur k\u00ebt\u00eb q\u00ebllim si n\u00eb an\u00ebn e ofert\u00ebs ashtu edhe n\u00eb at\u00eb t\u00eb k\u00ebrkes\u00ebs s\u00eb pjes\u00ebmarrjes qytetare: 1) n\u00eb an\u00ebn e k\u00ebrkes\u00ebs, rezultatet e angazhimit ton\u00eb jan\u00eb p\u00ebrfitimet q\u00eb qytetar\u00ebt kan\u00eb duke shfryt\u00ebzuar mekanizmat e pjes\u00ebmarrjes s\u00eb qytetar\u00ebve, dhe 2) krijimi i hap\u00ebsira komunitare t\u00eb profilit t\u00eb ul\u00ebt t\u00eb cilat do t\u00eb mb\u00ebshtesin z\u00ebrat rezonante; 3) nga ana e ofert\u00ebs, rezultatet e aktiviteteve tona do t\u00eb vendosen dhe do t\u00eb p\u00ebrmir\u00ebsohen mekanizmat e pjes\u00ebmarrjes n\u00eb institucione (n\u00eb komunat me shumic\u00eb serbe t\u00eb Kosov\u00ebs).<\/span><\/p><p><span style=\"color: var( --e-global-color-text ); text-align: var(--bs-body-text-align);\">Supozimet kryesore:<\/span><\/p><p><span style=\"color: var( --e-global-color-text ); text-align: var(--bs-body-text-align);\">\u2013 Rritja e k\u00ebrkes\u00ebs p\u00ebr sh\u00ebrbime m\u00eb t\u00eb mira do t\u00eb rris\u00eb efikasitetin e institucioneve dhe do t\u00eb rris\u00eb p\u00ebrgjegjshm\u00ebrin\u00eb e tyre;<\/span><\/p><p>\u2013 Z\u00ebrat ting\u00ebllues hezitojn\u00eb t\u00eb flasin p\u00ebr shkak t\u00eb natyr\u00ebs jo pluraliste t\u00eb aren\u00ebs politike t\u00eb komunitetit serb t\u00eb Kosov\u00ebs, por pjes\u00ebmarrja e tyre n\u00eb diskutime t\u00eb mbyllura n\u00eb grup do t&#8217;i inkurajoj\u00eb ata t\u00eb flasin n\u00eb t\u00eb ardhmen dhe t\u00eb ruajn\u00eb kapitalin social t\u00eb k\u00ebrkuar p\u00ebr \u00e7do veprim kolektiv. ;<\/p><p>\u2013 Komunat me shumic\u00eb serbe t\u00eb Kosov\u00ebs do t\u00eb jen\u00eb t\u00eb hapura p\u00ebr bashk\u00ebpunim p\u00ebr \u00e7\u00ebshtje jo kontroverse dhe do t\u00eb pranojn\u00eb mekanizmat e pjes\u00ebmarrjes s\u00eb qytetar\u00ebve.<\/p><p><span style=\"color: var( --e-global-color-text ); text-align: var(--bs-body-text-align);\">P\u00ebr t\u00eb par\u00eb projektet q\u00eb zbatojm\u00eb ose kemi zbatuar n\u00eb fush\u00ebn e Pjesmarrj\u00ebs Qytetare, shihni List\u00eb ton\u00eb t\u00eb <a href=\"https:\/\/newsocialinitiative.org\/references\/\">Referenc\u00ebs.<\/a><\/span><\/p>\t\t\t\t\t\t<\/div>\n\t\t\t\t<\/div>\n\t\t\t\t\t<\/div>\n\t\t<\/div>\n\t\t\t\t\t\t\t<\/div>\n\t\t<\/section>\n\t\t\t\t\t\t\t<\/div>\n\t\t","protected":false},"excerpt":{"rendered":"<p>NSI kontribuon n\u00eb normalizimin e marr\u00ebdh\u00ebnieve midis Beogradit dhe Prishtin\u00ebs Beograd \u2013 Prishtin\u00eb; Foto: EPA \/ Valdrin Xhemaj NSI leht\u00ebson shk\u00ebmbimin e hapur p\u00ebr dialogun dhe procesin e normalizimit t\u00eb Brukselit midis vendimmarr\u00ebsve nga shoq\u00ebria civile nga Kosova dhe Serbia. P\u00ebr m\u00eb tep\u00ebr, NSI ofron&#8230;<\/p>\n","protected":false},"author":2,"featured_media":0,"parent":0,"menu_order":0,"comment_status":"closed","ping_status":"closed","template":"blog-standard-whole-post.php","meta":{"footnotes":"","_links_to":"","_links_to_target":""},"class_list":["post-24594","page","type-page","status-publish","hentry"],"acf":[],"_links":{"self":[{"href":"http:\/\/newsocialinitiative.org\/sq\/wp-json\/wp\/v2\/pages\/24594","targetHints":{"allow":["GET"]}}],"collection":[{"href":"http:\/\/newsocialinitiative.org\/sq\/wp-json\/wp\/v2\/pages"}],"about":[{"href":"http:\/\/newsocialinitiative.org\/sq\/wp-json\/wp\/v2\/types\/page"}],"author":[{"embeddable":true,"href":"http:\/\/newsocialinitiative.org\/sq\/wp-json\/wp\/v2\/users\/2"}],"replies":[{"embeddable":true,"href":"http:\/\/newsocialinitiative.org\/sq\/wp-json\/wp\/v2\/comments?post=24594"}],"version-history":[{"count":34,"href":"http:\/\/newsocialinitiative.org\/sq\/wp-json\/wp\/v2\/pages\/24594\/revisions"}],"predecessor-version":[{"id":29930,"href":"http:\/\/newsocialinitiative.org\/sq\/wp-json\/wp\/v2\/pages\/24594\/revisions\/29930"}],"wp:attachment":[{"href":"http:\/\/newsocialinitiative.org\/sq\/wp-json\/wp\/v2\/media?parent=24594"}],"curies":[{"name":"wp","href":"https:\/\/api.w.org\/{rel}","templated":true}]}}